{"id":2117,"date":"2022-02-25T14:15:44","date_gmt":"2022-02-25T12:15:44","guid":{"rendered":"https:\/\/flexider-automotive-eu.com\/?page_id=2117"},"modified":"2022-02-28T12:15:30","modified_gmt":"2022-02-28T10:15:30","slug":"tisax","status":"publish","type":"page","link":"https:\/\/flexider-automotive-eu.com\/de\/certificates\/tisax\/","title":{"rendered":""},"content":{"rendered":"<h5><img loading=\"lazy\" decoding=\"async\" class=\"wp-image-2112 aligncenter\" src=\"https:\/\/flexider-automotive-eu.com\/wp-content\/uploads\/2022\/02\/TISAX-Result-ohne-Verlauf.jpg\" alt=\"\" width=\"564\" height=\"358\" srcset=\"https:\/\/flexider-automotive-eu.com\/wp-content\/uploads\/2022\/02\/TISAX-Result-ohne-Verlauf.jpg 1836w, https:\/\/flexider-automotive-eu.com\/wp-content\/uploads\/2022\/02\/TISAX-Result-ohne-Verlauf-300x190.jpg 300w, https:\/\/flexider-automotive-eu.com\/wp-content\/uploads\/2022\/02\/TISAX-Result-ohne-Verlauf-1024x650.jpg 1024w, https:\/\/flexider-automotive-eu.com\/wp-content\/uploads\/2022\/02\/TISAX-Result-ohne-Verlauf-768x487.jpg 768w, https:\/\/flexider-automotive-eu.com\/wp-content\/uploads\/2022\/02\/TISAX-Result-ohne-Verlauf-1536x975.jpg 1536w\" sizes=\"auto, (max-width: 564px) 100vw, 564px\" \/><\/h5>\n<h5>&nbsp;<\/h5>\n<h5>&nbsp;<\/h5>\n<h5 style=\"text-align: center;\">Die ENX Association unterst\u00fctzt mit TISAX (Trusted Information Security Assessment Exchange) im Auftrag des VDA die gemeinsame Akzeptanz von Information Security Assessments in der Automobilindustrie. Die TISAX Assessments werden von akkreditierten Pr\u00fcfdienstleistern durchgef\u00fchrt, die ihre Qualifikation in regelm\u00e4\u00dfigen Abst\u00e4nden nachweisen. TISAX und TISAX-Ergebnisse sind nicht f\u00fcr die breite \u00d6ffentlichkeit bestimmt.<\/h5>\n<h5 style=\"text-align: center;\">F\u00fcr Flexider Poland Sp.z o.o.; ; Flexider Automotive Deutschland GmbH; Flexider Automotive Italy s.r.l.haben Vertraulichkeit, Verf\u00fcgbarkeit und Integrit\u00e4t von Informationen einen hohen Stellenwert. Wir haben umfangreiche Ma\u00dfnahmen zum Schutz von [sensiblen und\/oder vertraulichen] Informationen ergriffen. Daher orientieren wir uns am Fragenkatalog Informationssicherheit des Verbandes der Automobilindustrie (VDA ISA). Die Bewertung wurde von einem Pr\u00fcfdienstleister durchgef\u00fchrt, in diesem Fall dem TISAX-Pr\u00fcfdienstleister (DEKRA). Das Ergebnis ist ausschlie\u00dflich \u00fcber das ENX Portal abrufbar: https:\/\/portal.enx.com\/en-en\/TISAX\/tisaxassessmentresults&nbsp;<\/h5>\n","protected":false},"excerpt":{"rendered":"<p>&nbsp; &nbsp; Die ENX Association unterst\u00fctzt mit TISAX (Trusted Information Security Assessment Exchange) im Auftrag des VDA die gemeinsame Akzeptanz von Information Security Assessments in der Automobilindustrie. Die TISAX Assessments werden von akkreditierten Pr\u00fcfdienstleistern durchgef\u00fchrt, die ihre Qualifikation in regelm\u00e4\u00dfigen Abst\u00e4nden nachweisen. TISAX und TISAX-Ergebnisse sind nicht f\u00fcr die breite \u00d6ffentlichkeit bestimmt. F\u00fcr Flexider Poland [&hellip;]<\/p>\n","protected":false},"author":4,"featured_media":0,"parent":370,"menu_order":0,"comment_status":"closed","ping_status":"closed","template":"","meta":{"ngg_post_thumbnail":0,"footnotes":""},"class_list":["post-2117","page","type-page","status-publish","hentry"],"translation":{"provider":"WPGlobus","version":"3.0.2","language":"de","enabled_languages":["en","de","it","pl"],"languages":{"en":{"title":false,"content":true,"excerpt":false},"de":{"title":false,"content":true,"excerpt":false},"it":{"title":false,"content":true,"excerpt":false},"pl":{"title":false,"content":true,"excerpt":false}}},"yoast_head":"<!-- This site is optimized with the Yoast SEO plugin v27.4 - https:\/\/yoast.com\/product\/yoast-seo-wordpress\/ -->\n<title>- Flexider Automotive<\/title>\n<meta name=\"robots\" content=\"index, follow, max-snippet:-1, max-image-preview:large, max-video-preview:-1\" \/>\n<link rel=\"canonical\" href=\"https:\/\/flexider-automotive-eu.com\/certificates\/tisax\/\" \/>\n<meta property=\"og:locale\" content=\"de_DE\" \/>\n<meta property=\"og:type\" content=\"article\" \/>\n<meta property=\"og:title\" content=\"- Flexider Automotive\" \/>\n<meta property=\"og:url\" content=\"https:\/\/flexider-automotive-eu.com\/certificates\/tisax\/\" \/>\n<meta property=\"og:site_name\" content=\"Flexider Automotive\" \/>\n<meta property=\"article:modified_time\" content=\"2022-02-28T10:15:30+00:00\" \/>\n<meta property=\"og:image\" content=\"https:\/\/flexider-automotive-eu.com\/wp-content\/uploads\/2022\/02\/TISAX-Result-ohne-Verlauf.jpg\" \/>\n<meta name=\"twitter:card\" content=\"summary_large_image\" \/>\n<meta name=\"twitter:label1\" content=\"Gesch\u00e4tzte Lesezeit\" \/>\n\t<meta name=\"twitter:data1\" content=\"1\u00a0Minute\" \/>\n<script type=\"application\/ld+json\" class=\"yoast-schema-graph\">{\"@context\":\"https:\\\/\\\/schema.org\",\"@graph\":[{\"@type\":\"WebPage\",\"@id\":\"https:\\\/\\\/flexider-automotive-eu.com\\\/certificates\\\/tisax\\\/\",\"url\":\"https:\\\/\\\/flexider-automotive-eu.com\\\/certificates\\\/tisax\\\/\",\"name\":\"- Flexider Automotive\",\"isPartOf\":{\"@id\":\"https:\\\/\\\/flexider-automotive-eu.com\\\/#website\"},\"primaryImageOfPage\":{\"@id\":\"https:\\\/\\\/flexider-automotive-eu.com\\\/certificates\\\/tisax\\\/#primaryimage\"},\"image\":{\"@id\":\"https:\\\/\\\/flexider-automotive-eu.com\\\/certificates\\\/tisax\\\/#primaryimage\"},\"thumbnailUrl\":\"https:\\\/\\\/flexider-automotive-eu.com\\\/wp-content\\\/uploads\\\/2022\\\/02\\\/TISAX-Result-ohne-Verlauf.jpg\",\"datePublished\":\"2022-02-25T12:15:44+00:00\",\"dateModified\":\"2022-02-28T10:15:30+00:00\",\"breadcrumb\":{\"@id\":\"https:\\\/\\\/flexider-automotive-eu.com\\\/certificates\\\/tisax\\\/#breadcrumb\"},\"inLanguage\":\"de\",\"potentialAction\":[{\"@type\":\"ReadAction\",\"target\":[\"https:\\\/\\\/flexider-automotive-eu.com\\\/certificates\\\/tisax\\\/\"]}]},{\"@type\":\"ImageObject\",\"inLanguage\":\"de\",\"@id\":\"https:\\\/\\\/flexider-automotive-eu.com\\\/certificates\\\/tisax\\\/#primaryimage\",\"url\":\"https:\\\/\\\/flexider-automotive-eu.com\\\/wp-content\\\/uploads\\\/2022\\\/02\\\/TISAX-Result-ohne-Verlauf.jpg\",\"contentUrl\":\"https:\\\/\\\/flexider-automotive-eu.com\\\/wp-content\\\/uploads\\\/2022\\\/02\\\/TISAX-Result-ohne-Verlauf.jpg\"},{\"@type\":\"BreadcrumbList\",\"@id\":\"https:\\\/\\\/flexider-automotive-eu.com\\\/certificates\\\/tisax\\\/#breadcrumb\",\"itemListElement\":[{\"@type\":\"ListItem\",\"position\":1,\"name\":\"Home\",\"item\":\"https:\\\/\\\/flexider-automotive-eu.com\\\/\"},{\"@type\":\"ListItem\",\"position\":2,\"name\":\"Certificates\",\"item\":\"https:\\\/\\\/flexider-automotive-eu.com\\\/certificates\\\/\"}]},{\"@type\":\"WebSite\",\"@id\":\"https:\\\/\\\/flexider-automotive-eu.com\\\/#website\",\"url\":\"https:\\\/\\\/flexider-automotive-eu.com\\\/\",\"name\":\"Flexider Automotive\",\"description\":\"\",\"potentialAction\":[{\"@type\":\"SearchAction\",\"target\":{\"@type\":\"EntryPoint\",\"urlTemplate\":\"https:\\\/\\\/flexider-automotive-eu.com\\\/?s={search_term_string}\"},\"query-input\":{\"@type\":\"PropertyValueSpecification\",\"valueRequired\":true,\"valueName\":\"search_term_string\"}}],\"inLanguage\":\"de\"}]}<\/script>\n<!-- \/ Yoast SEO plugin. -->","yoast_head_json":{"title":"- Flexider Automotive","robots":{"index":"index","follow":"follow","max-snippet":"max-snippet:-1","max-image-preview":"max-image-preview:large","max-video-preview":"max-video-preview:-1"},"canonical":"https:\/\/flexider-automotive-eu.com\/certificates\/tisax\/","og_locale":"de_DE","og_type":"article","og_title":"- Flexider Automotive","og_url":"https:\/\/flexider-automotive-eu.com\/certificates\/tisax\/","og_site_name":"Flexider Automotive","article_modified_time":"2022-02-28T10:15:30+00:00","og_image":[{"url":"https:\/\/flexider-automotive-eu.com\/wp-content\/uploads\/2022\/02\/TISAX-Result-ohne-Verlauf.jpg","type":"","width":"","height":""}],"twitter_card":"summary_large_image","twitter_misc":{"Gesch\u00e4tzte Lesezeit":"1\u00a0Minute"},"schema":{"@context":"https:\/\/schema.org","@graph":[{"@type":"WebPage","@id":"https:\/\/flexider-automotive-eu.com\/certificates\/tisax\/","url":"https:\/\/flexider-automotive-eu.com\/certificates\/tisax\/","name":"- Flexider Automotive","isPartOf":{"@id":"https:\/\/flexider-automotive-eu.com\/#website"},"primaryImageOfPage":{"@id":"https:\/\/flexider-automotive-eu.com\/certificates\/tisax\/#primaryimage"},"image":{"@id":"https:\/\/flexider-automotive-eu.com\/certificates\/tisax\/#primaryimage"},"thumbnailUrl":"https:\/\/flexider-automotive-eu.com\/wp-content\/uploads\/2022\/02\/TISAX-Result-ohne-Verlauf.jpg","datePublished":"2022-02-25T12:15:44+00:00","dateModified":"2022-02-28T10:15:30+00:00","breadcrumb":{"@id":"https:\/\/flexider-automotive-eu.com\/certificates\/tisax\/#breadcrumb"},"inLanguage":"de","potentialAction":[{"@type":"ReadAction","target":["https:\/\/flexider-automotive-eu.com\/certificates\/tisax\/"]}]},{"@type":"ImageObject","inLanguage":"de","@id":"https:\/\/flexider-automotive-eu.com\/certificates\/tisax\/#primaryimage","url":"https:\/\/flexider-automotive-eu.com\/wp-content\/uploads\/2022\/02\/TISAX-Result-ohne-Verlauf.jpg","contentUrl":"https:\/\/flexider-automotive-eu.com\/wp-content\/uploads\/2022\/02\/TISAX-Result-ohne-Verlauf.jpg"},{"@type":"BreadcrumbList","@id":"https:\/\/flexider-automotive-eu.com\/certificates\/tisax\/#breadcrumb","itemListElement":[{"@type":"ListItem","position":1,"name":"Home","item":"https:\/\/flexider-automotive-eu.com\/"},{"@type":"ListItem","position":2,"name":"Certificates","item":"https:\/\/flexider-automotive-eu.com\/certificates\/"}]},{"@type":"WebSite","@id":"https:\/\/flexider-automotive-eu.com\/#website","url":"https:\/\/flexider-automotive-eu.com\/","name":"Flexider Automotive","description":"","potentialAction":[{"@type":"SearchAction","target":{"@type":"EntryPoint","urlTemplate":"https:\/\/flexider-automotive-eu.com\/?s={search_term_string}"},"query-input":{"@type":"PropertyValueSpecification","valueRequired":true,"valueName":"search_term_string"}}],"inLanguage":"de"}]}},"_links":{"self":[{"href":"https:\/\/flexider-automotive-eu.com\/de\/wp-json\/wp\/v2\/pages\/2117","targetHints":{"allow":["GET"]}}],"collection":[{"href":"https:\/\/flexider-automotive-eu.com\/de\/wp-json\/wp\/v2\/pages"}],"about":[{"href":"https:\/\/flexider-automotive-eu.com\/de\/wp-json\/wp\/v2\/types\/page"}],"author":[{"embeddable":true,"href":"https:\/\/flexider-automotive-eu.com\/de\/wp-json\/wp\/v2\/users\/4"}],"replies":[{"embeddable":true,"href":"https:\/\/flexider-automotive-eu.com\/de\/wp-json\/wp\/v2\/comments?post=2117"}],"version-history":[{"count":8,"href":"https:\/\/flexider-automotive-eu.com\/de\/wp-json\/wp\/v2\/pages\/2117\/revisions"}],"predecessor-version":[{"id":2139,"href":"https:\/\/flexider-automotive-eu.com\/de\/wp-json\/wp\/v2\/pages\/2117\/revisions\/2139"}],"up":[{"embeddable":true,"href":"https:\/\/flexider-automotive-eu.com\/de\/wp-json\/wp\/v2\/pages\/370"}],"wp:attachment":[{"href":"https:\/\/flexider-automotive-eu.com\/de\/wp-json\/wp\/v2\/media?parent=2117"}],"curies":[{"name":"wp","href":"https:\/\/api.w.org\/{rel}","templated":true}]}}