{"id":345,"date":"2019-08-03T10:37:33","date_gmt":"2019-08-03T08:37:33","guid":{"rendered":"https:\/\/flexider-automotive-eu.com\/company\/facts-and-figures\/"},"modified":"2020-09-15T11:08:13","modified_gmt":"2020-09-15T09:08:13","slug":"about-us","status":"publish","type":"page","link":"https:\/\/flexider-automotive-eu.com\/de\/company\/about-us\/","title":{"rendered":""},"content":{"rendered":"<table width=\"1663\">\n<tbody>\n<tr>\n<td width=\"416\">\n<h1><span style=\"color: #ff0000;\">Flexider Automotive<\/span><\/h1>\n<h1><span style=\"color: #ff0000;\">Ihr Partner f\u00fcr flexible L\u00f6sungen im Automobil Markt.<\/span><\/h1>\n<h4>Wir sind einer der ersten Metallschlauch Hersteller f\u00fcr Anwendungen im Automobilbereich.<br \/>\nBereits 1980 wurde der erste Metallschlauch in Turin produziert und im Fiat Lancia Integrale verbaut.<\/h4>\n<h4>Im heutigen Produktionsstandort Bieru\u0144 (Polen) produzieren wir heute flexible Komponenten aus Edelstahl<br \/>\nf\u00fcr Anwendungen im Motormanagement, Abgassystem, und Aggregate f\u00fcr PKW und Nutzfahrzeuge.<br \/>\n95% der ben\u00f6tigten Einzelteile produzieren wir selbst und k\u00f6nnen daher sehr flexibel unsere Produktion der Endprodukte steuern.<\/h4>\n<h4>Individuelle L\u00f6sungen werden in enger Zusammenarbeit mit unseren Kunden realisiert.<br \/>\nUnser erfahrenes Entwicklungsteam begleitet Sie von der ersten L\u00f6sungsidee bis zur Serienfertigung.<\/h4>\n<h4>Um auf die Bed\u00fcrfnisse von Automobilherstellern und Abgassystemhersteller schneller reagieren zu k\u00f6nnen,<br \/>\nwurde ein Vertriebs und Entwicklungsb\u00fcro in der N\u00e4he von Karlsruhe im Jahr 2018 er\u00f6ffnet.<\/h4>\n<\/td>\n<\/tr>\n<\/tbody>\n<\/table>\n","protected":false},"excerpt":{"rendered":"<p>Flexider Automotive Ihr Partner f\u00fcr flexible L\u00f6sungen im Automobil Markt. Wir sind einer der ersten Metallschlauch Hersteller f\u00fcr Anwendungen im Automobilbereich. Bereits 1980 wurde der erste Metallschlauch in Turin produziert und im Fiat Lancia Integrale verbaut. Im heutigen Produktionsstandort Bieru\u0144 (Polen) produzieren wir heute flexible Komponenten aus Edelstahl f\u00fcr Anwendungen im Motormanagement, Abgassystem, und Aggregate [&hellip;]<\/p>\n","protected":false},"author":2,"featured_media":0,"parent":344,"menu_order":30,"comment_status":"closed","ping_status":"closed","template":"","meta":{"ngg_post_thumbnail":0,"footnotes":""},"class_list":["post-345","page","type-page","status-publish","hentry"],"translation":{"provider":"WPGlobus","version":"3.0.2","language":"de","enabled_languages":["en","de","it","pl"],"languages":{"en":{"title":false,"content":true,"excerpt":false},"de":{"title":false,"content":true,"excerpt":false},"it":{"title":false,"content":true,"excerpt":false},"pl":{"title":false,"content":true,"excerpt":false}}},"yoast_head":"<!-- This site is optimized with the Yoast SEO plugin v27.4 - https:\/\/yoast.com\/product\/yoast-seo-wordpress\/ -->\n<title>- Flexider Automotive<\/title>\n<meta name=\"robots\" content=\"index, follow, max-snippet:-1, max-image-preview:large, max-video-preview:-1\" \/>\n<link rel=\"canonical\" href=\"https:\/\/flexider-automotive-eu.com\/de\/company\/about-us\/\" \/>\n<meta property=\"og:locale\" content=\"de_DE\" \/>\n<meta property=\"og:type\" content=\"article\" \/>\n<meta property=\"og:title\" content=\"- Flexider Automotive\" \/>\n<meta property=\"og:url\" content=\"https:\/\/flexider-automotive-eu.com\/de\/company\/about-us\/\" \/>\n<meta property=\"og:site_name\" content=\"Flexider Automotive\" \/>\n<meta property=\"article:modified_time\" content=\"2020-09-15T09:08:13+00:00\" \/>\n<meta name=\"twitter:card\" content=\"summary_large_image\" \/>\n<meta name=\"twitter:label1\" content=\"Gesch\u00e4tzte Lesezeit\" \/>\n\t<meta name=\"twitter:data1\" content=\"3\u00a0Minuten\" \/>\n<script type=\"application\/ld+json\" class=\"yoast-schema-graph\">{\"@context\":\"https:\\\/\\\/schema.org\",\"@graph\":[{\"@type\":\"WebPage\",\"@id\":\"https:\\\/\\\/flexider-automotive-eu.com\\\/de\\\/company\\\/about-us\\\/\",\"url\":\"https:\\\/\\\/flexider-automotive-eu.com\\\/de\\\/company\\\/about-us\\\/\",\"name\":\"- Flexider Automotive\",\"isPartOf\":{\"@id\":\"https:\\\/\\\/flexider-automotive-eu.com\\\/#website\"},\"datePublished\":\"2019-08-03T08:37:33+00:00\",\"dateModified\":\"2020-09-15T09:08:13+00:00\",\"breadcrumb\":{\"@id\":\"https:\\\/\\\/flexider-automotive-eu.com\\\/de\\\/company\\\/about-us\\\/#breadcrumb\"},\"inLanguage\":\"de\",\"potentialAction\":[{\"@type\":\"ReadAction\",\"target\":[\"https:\\\/\\\/flexider-automotive-eu.com\\\/de\\\/company\\\/about-us\\\/\"]}]},{\"@type\":\"BreadcrumbList\",\"@id\":\"https:\\\/\\\/flexider-automotive-eu.com\\\/de\\\/company\\\/about-us\\\/#breadcrumb\",\"itemListElement\":[{\"@type\":\"ListItem\",\"position\":1,\"name\":\"Home\",\"item\":\"https:\\\/\\\/flexider-automotive-eu.com\\\/\"},{\"@type\":\"ListItem\",\"position\":2,\"name\":\"Firma\",\"item\":\"https:\\\/\\\/flexider-automotive-eu.com\\\/de\\\/company\\\/\"}]},{\"@type\":\"WebSite\",\"@id\":\"https:\\\/\\\/flexider-automotive-eu.com\\\/#website\",\"url\":\"https:\\\/\\\/flexider-automotive-eu.com\\\/\",\"name\":\"Flexider Automotive\",\"description\":\"\",\"potentialAction\":[{\"@type\":\"SearchAction\",\"target\":{\"@type\":\"EntryPoint\",\"urlTemplate\":\"https:\\\/\\\/flexider-automotive-eu.com\\\/?s={search_term_string}\"},\"query-input\":{\"@type\":\"PropertyValueSpecification\",\"valueRequired\":true,\"valueName\":\"search_term_string\"}}],\"inLanguage\":\"de\"}]}<\/script>\n<!-- \/ Yoast SEO plugin. -->","yoast_head_json":{"title":"- Flexider Automotive","robots":{"index":"index","follow":"follow","max-snippet":"max-snippet:-1","max-image-preview":"max-image-preview:large","max-video-preview":"max-video-preview:-1"},"canonical":"https:\/\/flexider-automotive-eu.com\/de\/company\/about-us\/","og_locale":"de_DE","og_type":"article","og_title":"- Flexider Automotive","og_url":"https:\/\/flexider-automotive-eu.com\/de\/company\/about-us\/","og_site_name":"Flexider Automotive","article_modified_time":"2020-09-15T09:08:13+00:00","twitter_card":"summary_large_image","twitter_misc":{"Gesch\u00e4tzte Lesezeit":"3\u00a0Minuten"},"schema":{"@context":"https:\/\/schema.org","@graph":[{"@type":"WebPage","@id":"https:\/\/flexider-automotive-eu.com\/de\/company\/about-us\/","url":"https:\/\/flexider-automotive-eu.com\/de\/company\/about-us\/","name":"- Flexider Automotive","isPartOf":{"@id":"https:\/\/flexider-automotive-eu.com\/#website"},"datePublished":"2019-08-03T08:37:33+00:00","dateModified":"2020-09-15T09:08:13+00:00","breadcrumb":{"@id":"https:\/\/flexider-automotive-eu.com\/de\/company\/about-us\/#breadcrumb"},"inLanguage":"de","potentialAction":[{"@type":"ReadAction","target":["https:\/\/flexider-automotive-eu.com\/de\/company\/about-us\/"]}]},{"@type":"BreadcrumbList","@id":"https:\/\/flexider-automotive-eu.com\/de\/company\/about-us\/#breadcrumb","itemListElement":[{"@type":"ListItem","position":1,"name":"Home","item":"https:\/\/flexider-automotive-eu.com\/"},{"@type":"ListItem","position":2,"name":"Firma","item":"https:\/\/flexider-automotive-eu.com\/de\/company\/"}]},{"@type":"WebSite","@id":"https:\/\/flexider-automotive-eu.com\/#website","url":"https:\/\/flexider-automotive-eu.com\/","name":"Flexider Automotive","description":"","potentialAction":[{"@type":"SearchAction","target":{"@type":"EntryPoint","urlTemplate":"https:\/\/flexider-automotive-eu.com\/?s={search_term_string}"},"query-input":{"@type":"PropertyValueSpecification","valueRequired":true,"valueName":"search_term_string"}}],"inLanguage":"de"}]}},"_links":{"self":[{"href":"https:\/\/flexider-automotive-eu.com\/de\/wp-json\/wp\/v2\/pages\/345","targetHints":{"allow":["GET"]}}],"collection":[{"href":"https:\/\/flexider-automotive-eu.com\/de\/wp-json\/wp\/v2\/pages"}],"about":[{"href":"https:\/\/flexider-automotive-eu.com\/de\/wp-json\/wp\/v2\/types\/page"}],"author":[{"embeddable":true,"href":"https:\/\/flexider-automotive-eu.com\/de\/wp-json\/wp\/v2\/users\/2"}],"replies":[{"embeddable":true,"href":"https:\/\/flexider-automotive-eu.com\/de\/wp-json\/wp\/v2\/comments?post=345"}],"version-history":[{"count":22,"href":"https:\/\/flexider-automotive-eu.com\/de\/wp-json\/wp\/v2\/pages\/345\/revisions"}],"predecessor-version":[{"id":2066,"href":"https:\/\/flexider-automotive-eu.com\/de\/wp-json\/wp\/v2\/pages\/345\/revisions\/2066"}],"up":[{"embeddable":true,"href":"https:\/\/flexider-automotive-eu.com\/de\/wp-json\/wp\/v2\/pages\/344"}],"wp:attachment":[{"href":"https:\/\/flexider-automotive-eu.com\/de\/wp-json\/wp\/v2\/media?parent=345"}],"curies":[{"name":"wp","href":"https:\/\/api.w.org\/{rel}","templated":true}]}}