{"id":353,"date":"2019-08-03T10:37:33","date_gmt":"2019-08-03T08:37:33","guid":{"rendered":"https:\/\/flexider-automotive-eu.com\/company\/quality-policy\/"},"modified":"2023-03-09T09:35:18","modified_gmt":"2023-03-09T07:35:18","slug":"quality-policy","status":"publish","type":"page","link":"https:\/\/flexider-automotive-eu.com\/de\/company\/quality-policy\/","title":{"rendered":"Qualit\u00e4tspolitik"},"content":{"rendered":"<h4><span style=\"color: #333333; font-family: 'Georgia',serif;\">Mit unserer Qualit\u00e4tspolitik versuchen wir tagt\u00e4glich die Erwartungen unser Kunden zu erf\u00fcllen.<br \/>\nUnsere Null Fehler Strategie wird durch die kontinuierliche Optimierung der Prozesse in allen<br \/>\nAbteilungen unterst\u00fctzt und gelebt, um die volle Kundenzufriedenheit zu erreichen. <\/span><\/h4>\n<h2><a href=\"https:\/\/flexider-automotive-eu.com\/wp-content\/uploads\/2023\/03\/2023_03-QMS-Manual_Appendix-1_rev.5_Quality-Policy-ENG.pdf\" target=\"_blank\" rel=\"noopener\">Quality&nbsp; Policy<\/a><\/h2>\n<h2><a href=\"https:\/\/flexider-automotive-eu.com\/wp-content\/uploads\/2023\/03\/2023_03-P-5.1-rev.05-pl-en_Code-of-Conduct-Kodeks-postepowania.pdf\" target=\"_blank\" rel=\"noopener\">Code of Conduct<\/a><\/h2>\n","protected":false},"excerpt":{"rendered":"<p>Mit unserer Qualit\u00e4tspolitik versuchen wir tagt\u00e4glich die Erwartungen unser Kunden zu erf\u00fcllen. Unsere Null Fehler Strategie wird durch die kontinuierliche Optimierung der Prozesse in allen Abteilungen unterst\u00fctzt und gelebt, um die volle Kundenzufriedenheit zu erreichen. Quality&nbsp; Policy Code of Conduct<\/p>\n","protected":false},"author":2,"featured_media":0,"parent":344,"menu_order":190,"comment_status":"closed","ping_status":"closed","template":"","meta":{"ngg_post_thumbnail":0,"footnotes":""},"class_list":["post-353","page","type-page","status-publish","hentry"],"translation":{"provider":"WPGlobus","version":"3.0.2","language":"de","enabled_languages":["en","de","it","pl"],"languages":{"en":{"title":true,"content":true,"excerpt":false},"de":{"title":true,"content":true,"excerpt":false},"it":{"title":false,"content":true,"excerpt":false},"pl":{"title":true,"content":true,"excerpt":false}}},"yoast_head":"<!-- This site is optimized with the Yoast SEO plugin v27.4 - https:\/\/yoast.com\/product\/yoast-seo-wordpress\/ -->\n<title>Qualit\u00e4tspolitik - Flexider Automotive<\/title>\n<meta name=\"robots\" content=\"index, follow, max-snippet:-1, max-image-preview:large, max-video-preview:-1\" \/>\n<link rel=\"canonical\" href=\"https:\/\/flexider-automotive-eu.com\/company\/quality-policy\/\" \/>\n<meta property=\"og:locale\" content=\"de_DE\" \/>\n<meta property=\"og:type\" content=\"article\" \/>\n<meta property=\"og:title\" content=\"Qualit\u00e4tspolitik - Flexider Automotive\" \/>\n<meta property=\"og:url\" content=\"https:\/\/flexider-automotive-eu.com\/company\/quality-policy\/\" \/>\n<meta property=\"og:site_name\" content=\"Flexider Automotive\" \/>\n<meta property=\"article:modified_time\" content=\"2023-03-09T07:35:18+00:00\" \/>\n<meta name=\"twitter:card\" content=\"summary_large_image\" \/>\n<meta name=\"twitter:label1\" content=\"Gesch\u00e4tzte Lesezeit\" \/>\n\t<meta name=\"twitter:data1\" content=\"1\u00a0Minute\" \/>\n<script type=\"application\/ld+json\" class=\"yoast-schema-graph\">{\"@context\":\"https:\\\/\\\/schema.org\",\"@graph\":[{\"@type\":\"WebPage\",\"@id\":\"https:\\\/\\\/flexider-automotive-eu.com\\\/company\\\/quality-policy\\\/\",\"url\":\"https:\\\/\\\/flexider-automotive-eu.com\\\/company\\\/quality-policy\\\/\",\"name\":\"Qualit\u00e4tspolitik - Flexider Automotive\",\"isPartOf\":{\"@id\":\"https:\\\/\\\/flexider-automotive-eu.com\\\/#website\"},\"datePublished\":\"2019-08-03T08:37:33+00:00\",\"dateModified\":\"2023-03-09T07:35:18+00:00\",\"breadcrumb\":{\"@id\":\"https:\\\/\\\/flexider-automotive-eu.com\\\/company\\\/quality-policy\\\/#breadcrumb\"},\"inLanguage\":\"de\",\"potentialAction\":[{\"@type\":\"ReadAction\",\"target\":[\"https:\\\/\\\/flexider-automotive-eu.com\\\/company\\\/quality-policy\\\/\"]}]},{\"@type\":\"BreadcrumbList\",\"@id\":\"https:\\\/\\\/flexider-automotive-eu.com\\\/company\\\/quality-policy\\\/#breadcrumb\",\"itemListElement\":[{\"@type\":\"ListItem\",\"position\":1,\"name\":\"Home\",\"item\":\"https:\\\/\\\/flexider-automotive-eu.com\\\/\"},{\"@type\":\"ListItem\",\"position\":2,\"name\":\"Firma\",\"item\":\"https:\\\/\\\/flexider-automotive-eu.com\\\/de\\\/company\\\/\"},{\"@type\":\"ListItem\",\"position\":3,\"name\":\"Qualit\u00e4tspolitik\"}]},{\"@type\":\"WebSite\",\"@id\":\"https:\\\/\\\/flexider-automotive-eu.com\\\/#website\",\"url\":\"https:\\\/\\\/flexider-automotive-eu.com\\\/\",\"name\":\"Flexider Automotive\",\"description\":\"\",\"potentialAction\":[{\"@type\":\"SearchAction\",\"target\":{\"@type\":\"EntryPoint\",\"urlTemplate\":\"https:\\\/\\\/flexider-automotive-eu.com\\\/?s={search_term_string}\"},\"query-input\":{\"@type\":\"PropertyValueSpecification\",\"valueRequired\":true,\"valueName\":\"search_term_string\"}}],\"inLanguage\":\"de\"}]}<\/script>\n<!-- \/ Yoast SEO plugin. -->","yoast_head_json":{"title":"Qualit\u00e4tspolitik - Flexider Automotive","robots":{"index":"index","follow":"follow","max-snippet":"max-snippet:-1","max-image-preview":"max-image-preview:large","max-video-preview":"max-video-preview:-1"},"canonical":"https:\/\/flexider-automotive-eu.com\/company\/quality-policy\/","og_locale":"de_DE","og_type":"article","og_title":"Qualit\u00e4tspolitik - Flexider Automotive","og_url":"https:\/\/flexider-automotive-eu.com\/company\/quality-policy\/","og_site_name":"Flexider Automotive","article_modified_time":"2023-03-09T07:35:18+00:00","twitter_card":"summary_large_image","twitter_misc":{"Gesch\u00e4tzte Lesezeit":"1\u00a0Minute"},"schema":{"@context":"https:\/\/schema.org","@graph":[{"@type":"WebPage","@id":"https:\/\/flexider-automotive-eu.com\/company\/quality-policy\/","url":"https:\/\/flexider-automotive-eu.com\/company\/quality-policy\/","name":"Qualit\u00e4tspolitik - Flexider Automotive","isPartOf":{"@id":"https:\/\/flexider-automotive-eu.com\/#website"},"datePublished":"2019-08-03T08:37:33+00:00","dateModified":"2023-03-09T07:35:18+00:00","breadcrumb":{"@id":"https:\/\/flexider-automotive-eu.com\/company\/quality-policy\/#breadcrumb"},"inLanguage":"de","potentialAction":[{"@type":"ReadAction","target":["https:\/\/flexider-automotive-eu.com\/company\/quality-policy\/"]}]},{"@type":"BreadcrumbList","@id":"https:\/\/flexider-automotive-eu.com\/company\/quality-policy\/#breadcrumb","itemListElement":[{"@type":"ListItem","position":1,"name":"Home","item":"https:\/\/flexider-automotive-eu.com\/"},{"@type":"ListItem","position":2,"name":"Firma","item":"https:\/\/flexider-automotive-eu.com\/de\/company\/"},{"@type":"ListItem","position":3,"name":"Qualit\u00e4tspolitik"}]},{"@type":"WebSite","@id":"https:\/\/flexider-automotive-eu.com\/#website","url":"https:\/\/flexider-automotive-eu.com\/","name":"Flexider Automotive","description":"","potentialAction":[{"@type":"SearchAction","target":{"@type":"EntryPoint","urlTemplate":"https:\/\/flexider-automotive-eu.com\/?s={search_term_string}"},"query-input":{"@type":"PropertyValueSpecification","valueRequired":true,"valueName":"search_term_string"}}],"inLanguage":"de"}]}},"_links":{"self":[{"href":"https:\/\/flexider-automotive-eu.com\/de\/wp-json\/wp\/v2\/pages\/353","targetHints":{"allow":["GET"]}}],"collection":[{"href":"https:\/\/flexider-automotive-eu.com\/de\/wp-json\/wp\/v2\/pages"}],"about":[{"href":"https:\/\/flexider-automotive-eu.com\/de\/wp-json\/wp\/v2\/types\/page"}],"author":[{"embeddable":true,"href":"https:\/\/flexider-automotive-eu.com\/de\/wp-json\/wp\/v2\/users\/2"}],"replies":[{"embeddable":true,"href":"https:\/\/flexider-automotive-eu.com\/de\/wp-json\/wp\/v2\/comments?post=353"}],"version-history":[{"count":34,"href":"https:\/\/flexider-automotive-eu.com\/de\/wp-json\/wp\/v2\/pages\/353\/revisions"}],"predecessor-version":[{"id":2202,"href":"https:\/\/flexider-automotive-eu.com\/de\/wp-json\/wp\/v2\/pages\/353\/revisions\/2202"}],"up":[{"embeddable":true,"href":"https:\/\/flexider-automotive-eu.com\/de\/wp-json\/wp\/v2\/pages\/344"}],"wp:attachment":[{"href":"https:\/\/flexider-automotive-eu.com\/de\/wp-json\/wp\/v2\/media?parent=353"}],"curies":[{"name":"wp","href":"https:\/\/api.w.org\/{rel}","templated":true}]}}