{"id":369,"date":"2019-08-03T10:37:36","date_gmt":"2019-08-03T08:37:36","guid":{"rendered":"https:\/\/flexider-automotive-eu.com\/product-service\/engineering\/"},"modified":"2020-09-15T09:39:01","modified_gmt":"2020-09-15T07:39:01","slug":"engineering","status":"publish","type":"page","link":"https:\/\/flexider-automotive-eu.com\/de\/engineering\/","title":{"rendered":"Entwicklung"},"content":{"rendered":"<h3 style=\"text-align: left;\">Aus unserem Entwicklungszentrum in Turin<br \/>\nunterst\u00fctzen wir unsere Kunden vom ersten Entwurf<img loading=\"lazy\" decoding=\"async\" class=\"size-full wp-image-1503 alignright\" src=\"https:\/\/flexider-automotive-eu.com\/wp-content\/uploads\/2019\/10\/FEA3.jpg\" alt=\"\" width=\"438\" height=\"221\" srcset=\"https:\/\/flexider-automotive-eu.com\/wp-content\/uploads\/2019\/10\/FEA3.jpg 438w, https:\/\/flexider-automotive-eu.com\/wp-content\/uploads\/2019\/10\/FEA3-300x151.jpg 300w\" sizes=\"auto, (max-width: 438px) 100vw, 438px\" \/><br \/>\nbis zur Serien L\u00f6sung von flexiblen Bauteilen.<\/h3>\n<h3 style=\"text-align: left;\">Mit unseren Entwicklungsmethoden und Werkzeugen<br \/>\nsind wir in der Lage kundenspezifische L\u00f6sungen zu erarbeiten.<\/h3>\n<h3 style=\"text-align: left;\">Hierbei betrachten wir zum Beispiel auch das ganze Abgassystem, um f\u00fcr unsere Kunden die bestm\u00f6glichste L\u00f6sung zum bestm\u00f6glichen Preis zu realisieren.<\/h3>\n<h3 style=\"text-align: left;\">In diesem Entwicklungsprozess werden moderne Simulationen,<br \/>\nwie FEA Berechnungen zur Prognose der Lebensdauer verwendet.<\/h3>\n<p><span style=\"line-height: 107%; font-family: 'Georgia',serif; font-size: 12pt;\"><span style=\"color: #000000;\">&nbsp;<\/span><\/span><\/p>\n<p>&nbsp;<\/p>\n","protected":false},"excerpt":{"rendered":"<p>Aus unserem Entwicklungszentrum in Turin unterst\u00fctzen wir unsere Kunden vom ersten Entwurf bis zur Serien L\u00f6sung von flexiblen Bauteilen. Mit unseren Entwicklungsmethoden und Werkzeugen sind wir in der Lage kundenspezifische L\u00f6sungen zu erarbeiten. Hierbei betrachten wir zum Beispiel auch das ganze Abgassystem, um f\u00fcr unsere Kunden die bestm\u00f6glichste L\u00f6sung zum bestm\u00f6glichen Preis zu realisieren. In [&hellip;]<\/p>\n","protected":false},"author":2,"featured_media":0,"parent":0,"menu_order":510,"comment_status":"closed","ping_status":"closed","template":"","meta":{"ngg_post_thumbnail":0,"footnotes":""},"class_list":["post-369","page","type-page","status-publish","hentry"],"translation":{"provider":"WPGlobus","version":"3.0.2","language":"de","enabled_languages":["en","de","it","pl"],"languages":{"en":{"title":true,"content":true,"excerpt":false},"de":{"title":true,"content":true,"excerpt":false},"it":{"title":true,"content":true,"excerpt":false},"pl":{"title":true,"content":true,"excerpt":false}}},"yoast_head":"<!-- This site is optimized with the Yoast SEO plugin v27.4 - https:\/\/yoast.com\/product\/yoast-seo-wordpress\/ -->\n<title>Entwicklung - Flexider Automotive<\/title>\n<meta name=\"robots\" content=\"index, follow, max-snippet:-1, max-image-preview:large, max-video-preview:-1\" \/>\n<link rel=\"canonical\" href=\"https:\/\/flexider-automotive-eu.com\/de\/engineering\/\" \/>\n<meta property=\"og:locale\" content=\"de_DE\" \/>\n<meta property=\"og:type\" content=\"article\" \/>\n<meta property=\"og:title\" content=\"Entwicklung - Flexider Automotive\" \/>\n<meta property=\"og:url\" content=\"https:\/\/flexider-automotive-eu.com\/de\/engineering\/\" \/>\n<meta property=\"og:site_name\" content=\"Flexider Automotive\" \/>\n<meta property=\"article:modified_time\" content=\"2020-09-15T07:39:01+00:00\" \/>\n<meta property=\"og:image\" content=\"https:\/\/flexider-automotive-eu.com\/wp-content\/uploads\/2019\/10\/FEA3.jpg\" \/>\n<meta name=\"twitter:card\" content=\"summary_large_image\" \/>\n<meta name=\"twitter:label1\" content=\"Gesch\u00e4tzte Lesezeit\" \/>\n\t<meta name=\"twitter:data1\" content=\"2\u00a0Minuten\" \/>\n<script type=\"application\/ld+json\" class=\"yoast-schema-graph\">{\"@context\":\"https:\\\/\\\/schema.org\",\"@graph\":[{\"@type\":\"WebPage\",\"@id\":\"https:\\\/\\\/flexider-automotive-eu.com\\\/de\\\/engineering\\\/\",\"url\":\"https:\\\/\\\/flexider-automotive-eu.com\\\/de\\\/engineering\\\/\",\"name\":\"Entwicklung - Flexider Automotive\",\"isPartOf\":{\"@id\":\"https:\\\/\\\/flexider-automotive-eu.com\\\/#website\"},\"primaryImageOfPage\":{\"@id\":\"https:\\\/\\\/flexider-automotive-eu.com\\\/de\\\/engineering\\\/#primaryimage\"},\"image\":{\"@id\":\"https:\\\/\\\/flexider-automotive-eu.com\\\/de\\\/engineering\\\/#primaryimage\"},\"thumbnailUrl\":\"https:\\\/\\\/flexider-automotive-eu.com\\\/wp-content\\\/uploads\\\/2019\\\/10\\\/FEA3.jpg\",\"datePublished\":\"2019-08-03T08:37:36+00:00\",\"dateModified\":\"2020-09-15T07:39:01+00:00\",\"breadcrumb\":{\"@id\":\"https:\\\/\\\/flexider-automotive-eu.com\\\/de\\\/engineering\\\/#breadcrumb\"},\"inLanguage\":\"de\",\"potentialAction\":[{\"@type\":\"ReadAction\",\"target\":[\"https:\\\/\\\/flexider-automotive-eu.com\\\/de\\\/engineering\\\/\"]}]},{\"@type\":\"ImageObject\",\"inLanguage\":\"de\",\"@id\":\"https:\\\/\\\/flexider-automotive-eu.com\\\/de\\\/engineering\\\/#primaryimage\",\"url\":\"https:\\\/\\\/flexider-automotive-eu.com\\\/wp-content\\\/uploads\\\/2019\\\/10\\\/FEA3.jpg\",\"contentUrl\":\"https:\\\/\\\/flexider-automotive-eu.com\\\/wp-content\\\/uploads\\\/2019\\\/10\\\/FEA3.jpg\"},{\"@type\":\"BreadcrumbList\",\"@id\":\"https:\\\/\\\/flexider-automotive-eu.com\\\/de\\\/engineering\\\/#breadcrumb\",\"itemListElement\":[{\"@type\":\"ListItem\",\"position\":1,\"name\":\"Home\",\"item\":\"https:\\\/\\\/flexider-automotive-eu.com\\\/\"},{\"@type\":\"ListItem\",\"position\":2,\"name\":\"Entwicklung\"}]},{\"@type\":\"WebSite\",\"@id\":\"https:\\\/\\\/flexider-automotive-eu.com\\\/#website\",\"url\":\"https:\\\/\\\/flexider-automotive-eu.com\\\/\",\"name\":\"Flexider Automotive\",\"description\":\"\",\"potentialAction\":[{\"@type\":\"SearchAction\",\"target\":{\"@type\":\"EntryPoint\",\"urlTemplate\":\"https:\\\/\\\/flexider-automotive-eu.com\\\/?s={search_term_string}\"},\"query-input\":{\"@type\":\"PropertyValueSpecification\",\"valueRequired\":true,\"valueName\":\"search_term_string\"}}],\"inLanguage\":\"de\"}]}<\/script>\n<!-- \/ Yoast SEO plugin. -->","yoast_head_json":{"title":"Entwicklung - Flexider Automotive","robots":{"index":"index","follow":"follow","max-snippet":"max-snippet:-1","max-image-preview":"max-image-preview:large","max-video-preview":"max-video-preview:-1"},"canonical":"https:\/\/flexider-automotive-eu.com\/de\/engineering\/","og_locale":"de_DE","og_type":"article","og_title":"Entwicklung - Flexider Automotive","og_url":"https:\/\/flexider-automotive-eu.com\/de\/engineering\/","og_site_name":"Flexider Automotive","article_modified_time":"2020-09-15T07:39:01+00:00","og_image":[{"url":"https:\/\/flexider-automotive-eu.com\/wp-content\/uploads\/2019\/10\/FEA3.jpg","type":"","width":"","height":""}],"twitter_card":"summary_large_image","twitter_misc":{"Gesch\u00e4tzte Lesezeit":"2\u00a0Minuten"},"schema":{"@context":"https:\/\/schema.org","@graph":[{"@type":"WebPage","@id":"https:\/\/flexider-automotive-eu.com\/de\/engineering\/","url":"https:\/\/flexider-automotive-eu.com\/de\/engineering\/","name":"Entwicklung - Flexider Automotive","isPartOf":{"@id":"https:\/\/flexider-automotive-eu.com\/#website"},"primaryImageOfPage":{"@id":"https:\/\/flexider-automotive-eu.com\/de\/engineering\/#primaryimage"},"image":{"@id":"https:\/\/flexider-automotive-eu.com\/de\/engineering\/#primaryimage"},"thumbnailUrl":"https:\/\/flexider-automotive-eu.com\/wp-content\/uploads\/2019\/10\/FEA3.jpg","datePublished":"2019-08-03T08:37:36+00:00","dateModified":"2020-09-15T07:39:01+00:00","breadcrumb":{"@id":"https:\/\/flexider-automotive-eu.com\/de\/engineering\/#breadcrumb"},"inLanguage":"de","potentialAction":[{"@type":"ReadAction","target":["https:\/\/flexider-automotive-eu.com\/de\/engineering\/"]}]},{"@type":"ImageObject","inLanguage":"de","@id":"https:\/\/flexider-automotive-eu.com\/de\/engineering\/#primaryimage","url":"https:\/\/flexider-automotive-eu.com\/wp-content\/uploads\/2019\/10\/FEA3.jpg","contentUrl":"https:\/\/flexider-automotive-eu.com\/wp-content\/uploads\/2019\/10\/FEA3.jpg"},{"@type":"BreadcrumbList","@id":"https:\/\/flexider-automotive-eu.com\/de\/engineering\/#breadcrumb","itemListElement":[{"@type":"ListItem","position":1,"name":"Home","item":"https:\/\/flexider-automotive-eu.com\/"},{"@type":"ListItem","position":2,"name":"Entwicklung"}]},{"@type":"WebSite","@id":"https:\/\/flexider-automotive-eu.com\/#website","url":"https:\/\/flexider-automotive-eu.com\/","name":"Flexider Automotive","description":"","potentialAction":[{"@type":"SearchAction","target":{"@type":"EntryPoint","urlTemplate":"https:\/\/flexider-automotive-eu.com\/?s={search_term_string}"},"query-input":{"@type":"PropertyValueSpecification","valueRequired":true,"valueName":"search_term_string"}}],"inLanguage":"de"}]}},"_links":{"self":[{"href":"https:\/\/flexider-automotive-eu.com\/de\/wp-json\/wp\/v2\/pages\/369","targetHints":{"allow":["GET"]}}],"collection":[{"href":"https:\/\/flexider-automotive-eu.com\/de\/wp-json\/wp\/v2\/pages"}],"about":[{"href":"https:\/\/flexider-automotive-eu.com\/de\/wp-json\/wp\/v2\/types\/page"}],"author":[{"embeddable":true,"href":"https:\/\/flexider-automotive-eu.com\/de\/wp-json\/wp\/v2\/users\/2"}],"replies":[{"embeddable":true,"href":"https:\/\/flexider-automotive-eu.com\/de\/wp-json\/wp\/v2\/comments?post=369"}],"version-history":[{"count":24,"href":"https:\/\/flexider-automotive-eu.com\/de\/wp-json\/wp\/v2\/pages\/369\/revisions"}],"predecessor-version":[{"id":2037,"href":"https:\/\/flexider-automotive-eu.com\/de\/wp-json\/wp\/v2\/pages\/369\/revisions\/2037"}],"wp:attachment":[{"href":"https:\/\/flexider-automotive-eu.com\/de\/wp-json\/wp\/v2\/media?parent=369"}],"curies":[{"name":"wp","href":"https:\/\/api.w.org\/{rel}","templated":true}]}}