{"id":374,"date":"2019-08-03T10:37:36","date_gmt":"2019-08-03T08:37:36","guid":{"rendered":"https:\/\/flexider-automotive-eu.com\/product-service\/products\/thermal-expansion-joints\/"},"modified":"2020-09-15T09:20:58","modified_gmt":"2020-09-15T07:20:58","slug":"thermal-expansion-joints","status":"publish","type":"page","link":"https:\/\/flexider-automotive-eu.com\/de\/product-service\/products\/thermal-expansion-joints\/","title":{"rendered":"Abgasb\u00e4lge"},"content":{"rendered":"<h4>Universeller Einsatz f\u00fcr motornahe Anwendungen<img loading=\"lazy\" decoding=\"async\" class=\"size-full wp-image-1419 alignright\" src=\"https:\/\/flexider-automotive-eu.com\/wp-content\/uploads\/2019\/10\/IMG_4263.jpg\" alt=\"\" width=\"600\" height=\"427\" srcset=\"https:\/\/flexider-automotive-eu.com\/wp-content\/uploads\/2019\/10\/IMG_4263.jpg 600w, https:\/\/flexider-automotive-eu.com\/wp-content\/uploads\/2019\/10\/IMG_4263-300x214.jpg 300w\" sizes=\"auto, (max-width: 600px) 100vw, 600px\" \/><\/h4>\n<h4>Hochtemperatur best\u00e4ndige Ausf\u00fchrung<\/h4>\n<h4>Kompensation von W\u00e4rmeausdehnung und Einbautoleranzen<\/h4>\n<h4>Korrosion,- und Temperaturbest\u00e4ndig<\/h4>\n<h4>Ein- oder mehrlagige Balgausf\u00fchrung m\u00f6glich<\/h4>\n<h4>Gasdicht<\/h4>\n<h4>Schwingungsd\u00e4mpfer optional mit Gestricke oder Drahtkissen<\/h4>\n<h4>Bis zu 4 Balglagen m\u00f6glich<\/h4>\n","protected":false},"excerpt":{"rendered":"<p>Universeller Einsatz f\u00fcr motornahe Anwendungen Hochtemperatur best\u00e4ndige Ausf\u00fchrung Kompensation von W\u00e4rmeausdehnung und Einbautoleranzen Korrosion,- und Temperaturbest\u00e4ndig Ein- oder mehrlagige Balgausf\u00fchrung m\u00f6glich Gasdicht Schwingungsd\u00e4mpfer optional mit Gestricke oder Drahtkissen Bis zu 4 Balglagen m\u00f6glich<\/p>\n","protected":false},"author":2,"featured_media":0,"parent":368,"menu_order":610,"comment_status":"closed","ping_status":"closed","template":"","meta":{"ngg_post_thumbnail":0,"footnotes":""},"class_list":["post-374","page","type-page","status-publish","hentry"],"translation":{"provider":"WPGlobus","version":"3.0.2","language":"de","enabled_languages":["en","de","it","pl"],"languages":{"en":{"title":true,"content":true,"excerpt":false},"de":{"title":true,"content":true,"excerpt":false},"it":{"title":true,"content":true,"excerpt":false},"pl":{"title":true,"content":true,"excerpt":false}}},"yoast_head":"<!-- This site is optimized with the Yoast SEO plugin v27.4 - https:\/\/yoast.com\/product\/yoast-seo-wordpress\/ -->\n<title>Abgasb\u00e4lge - Flexider Automotive<\/title>\n<meta name=\"robots\" content=\"index, follow, max-snippet:-1, max-image-preview:large, max-video-preview:-1\" \/>\n<link rel=\"canonical\" href=\"https:\/\/flexider-automotive-eu.com\/de\/product-service\/products\/thermal-expansion-joints\/\" \/>\n<meta property=\"og:locale\" content=\"de_DE\" \/>\n<meta property=\"og:type\" content=\"article\" \/>\n<meta property=\"og:title\" content=\"Abgasb\u00e4lge - Flexider Automotive\" \/>\n<meta property=\"og:url\" content=\"https:\/\/flexider-automotive-eu.com\/de\/product-service\/products\/thermal-expansion-joints\/\" \/>\n<meta property=\"og:site_name\" content=\"Flexider Automotive\" \/>\n<meta property=\"article:modified_time\" content=\"2020-09-15T07:20:58+00:00\" \/>\n<meta property=\"og:image\" content=\"https:\/\/flexider-automotive-eu.com\/wp-content\/uploads\/2019\/10\/IMG_4263.jpg\" \/>\n<meta name=\"twitter:card\" content=\"summary_large_image\" \/>\n<meta name=\"twitter:label1\" content=\"Gesch\u00e4tzte Lesezeit\" \/>\n\t<meta name=\"twitter:data1\" content=\"1\u00a0Minute\" \/>\n<script type=\"application\/ld+json\" class=\"yoast-schema-graph\">{\"@context\":\"https:\\\/\\\/schema.org\",\"@graph\":[{\"@type\":\"WebPage\",\"@id\":\"https:\\\/\\\/flexider-automotive-eu.com\\\/de\\\/product-service\\\/products\\\/thermal-expansion-joints\\\/\",\"url\":\"https:\\\/\\\/flexider-automotive-eu.com\\\/de\\\/product-service\\\/products\\\/thermal-expansion-joints\\\/\",\"name\":\"Abgasb\u00e4lge - Flexider Automotive\",\"isPartOf\":{\"@id\":\"https:\\\/\\\/flexider-automotive-eu.com\\\/#website\"},\"primaryImageOfPage\":{\"@id\":\"https:\\\/\\\/flexider-automotive-eu.com\\\/de\\\/product-service\\\/products\\\/thermal-expansion-joints\\\/#primaryimage\"},\"image\":{\"@id\":\"https:\\\/\\\/flexider-automotive-eu.com\\\/de\\\/product-service\\\/products\\\/thermal-expansion-joints\\\/#primaryimage\"},\"thumbnailUrl\":\"https:\\\/\\\/flexider-automotive-eu.com\\\/wp-content\\\/uploads\\\/2019\\\/10\\\/IMG_4263.jpg\",\"datePublished\":\"2019-08-03T08:37:36+00:00\",\"dateModified\":\"2020-09-15T07:20:58+00:00\",\"breadcrumb\":{\"@id\":\"https:\\\/\\\/flexider-automotive-eu.com\\\/de\\\/product-service\\\/products\\\/thermal-expansion-joints\\\/#breadcrumb\"},\"inLanguage\":\"de\",\"potentialAction\":[{\"@type\":\"ReadAction\",\"target\":[\"https:\\\/\\\/flexider-automotive-eu.com\\\/de\\\/product-service\\\/products\\\/thermal-expansion-joints\\\/\"]}]},{\"@type\":\"ImageObject\",\"inLanguage\":\"de\",\"@id\":\"https:\\\/\\\/flexider-automotive-eu.com\\\/de\\\/product-service\\\/products\\\/thermal-expansion-joints\\\/#primaryimage\",\"url\":\"https:\\\/\\\/flexider-automotive-eu.com\\\/wp-content\\\/uploads\\\/2019\\\/10\\\/IMG_4263.jpg\",\"contentUrl\":\"https:\\\/\\\/flexider-automotive-eu.com\\\/wp-content\\\/uploads\\\/2019\\\/10\\\/IMG_4263.jpg\"},{\"@type\":\"BreadcrumbList\",\"@id\":\"https:\\\/\\\/flexider-automotive-eu.com\\\/de\\\/product-service\\\/products\\\/thermal-expansion-joints\\\/#breadcrumb\",\"itemListElement\":[{\"@type\":\"ListItem\",\"position\":1,\"name\":\"Home\",\"item\":\"https:\\\/\\\/flexider-automotive-eu.com\\\/\"},{\"@type\":\"ListItem\",\"position\":2,\"name\":\"Product \\\/ Service\",\"item\":\"https:\\\/\\\/flexider-automotive-eu.com\\\/de\\\/product-service\\\/\"},{\"@type\":\"ListItem\",\"position\":3,\"name\":\"Produkte\",\"item\":\"https:\\\/\\\/flexider-automotive-eu.com\\\/de\\\/product-service\\\/products\\\/\"},{\"@type\":\"ListItem\",\"position\":4,\"name\":\"Abgasb\u00e4lge\"}]},{\"@type\":\"WebSite\",\"@id\":\"https:\\\/\\\/flexider-automotive-eu.com\\\/#website\",\"url\":\"https:\\\/\\\/flexider-automotive-eu.com\\\/\",\"name\":\"Flexider Automotive\",\"description\":\"\",\"potentialAction\":[{\"@type\":\"SearchAction\",\"target\":{\"@type\":\"EntryPoint\",\"urlTemplate\":\"https:\\\/\\\/flexider-automotive-eu.com\\\/?s={search_term_string}\"},\"query-input\":{\"@type\":\"PropertyValueSpecification\",\"valueRequired\":true,\"valueName\":\"search_term_string\"}}],\"inLanguage\":\"de\"}]}<\/script>\n<!-- \/ Yoast SEO plugin. -->","yoast_head_json":{"title":"Abgasb\u00e4lge - Flexider Automotive","robots":{"index":"index","follow":"follow","max-snippet":"max-snippet:-1","max-image-preview":"max-image-preview:large","max-video-preview":"max-video-preview:-1"},"canonical":"https:\/\/flexider-automotive-eu.com\/de\/product-service\/products\/thermal-expansion-joints\/","og_locale":"de_DE","og_type":"article","og_title":"Abgasb\u00e4lge - Flexider Automotive","og_url":"https:\/\/flexider-automotive-eu.com\/de\/product-service\/products\/thermal-expansion-joints\/","og_site_name":"Flexider Automotive","article_modified_time":"2020-09-15T07:20:58+00:00","og_image":[{"url":"https:\/\/flexider-automotive-eu.com\/wp-content\/uploads\/2019\/10\/IMG_4263.jpg","type":"","width":"","height":""}],"twitter_card":"summary_large_image","twitter_misc":{"Gesch\u00e4tzte Lesezeit":"1\u00a0Minute"},"schema":{"@context":"https:\/\/schema.org","@graph":[{"@type":"WebPage","@id":"https:\/\/flexider-automotive-eu.com\/de\/product-service\/products\/thermal-expansion-joints\/","url":"https:\/\/flexider-automotive-eu.com\/de\/product-service\/products\/thermal-expansion-joints\/","name":"Abgasb\u00e4lge - Flexider Automotive","isPartOf":{"@id":"https:\/\/flexider-automotive-eu.com\/#website"},"primaryImageOfPage":{"@id":"https:\/\/flexider-automotive-eu.com\/de\/product-service\/products\/thermal-expansion-joints\/#primaryimage"},"image":{"@id":"https:\/\/flexider-automotive-eu.com\/de\/product-service\/products\/thermal-expansion-joints\/#primaryimage"},"thumbnailUrl":"https:\/\/flexider-automotive-eu.com\/wp-content\/uploads\/2019\/10\/IMG_4263.jpg","datePublished":"2019-08-03T08:37:36+00:00","dateModified":"2020-09-15T07:20:58+00:00","breadcrumb":{"@id":"https:\/\/flexider-automotive-eu.com\/de\/product-service\/products\/thermal-expansion-joints\/#breadcrumb"},"inLanguage":"de","potentialAction":[{"@type":"ReadAction","target":["https:\/\/flexider-automotive-eu.com\/de\/product-service\/products\/thermal-expansion-joints\/"]}]},{"@type":"ImageObject","inLanguage":"de","@id":"https:\/\/flexider-automotive-eu.com\/de\/product-service\/products\/thermal-expansion-joints\/#primaryimage","url":"https:\/\/flexider-automotive-eu.com\/wp-content\/uploads\/2019\/10\/IMG_4263.jpg","contentUrl":"https:\/\/flexider-automotive-eu.com\/wp-content\/uploads\/2019\/10\/IMG_4263.jpg"},{"@type":"BreadcrumbList","@id":"https:\/\/flexider-automotive-eu.com\/de\/product-service\/products\/thermal-expansion-joints\/#breadcrumb","itemListElement":[{"@type":"ListItem","position":1,"name":"Home","item":"https:\/\/flexider-automotive-eu.com\/"},{"@type":"ListItem","position":2,"name":"Product \/ Service","item":"https:\/\/flexider-automotive-eu.com\/de\/product-service\/"},{"@type":"ListItem","position":3,"name":"Produkte","item":"https:\/\/flexider-automotive-eu.com\/de\/product-service\/products\/"},{"@type":"ListItem","position":4,"name":"Abgasb\u00e4lge"}]},{"@type":"WebSite","@id":"https:\/\/flexider-automotive-eu.com\/#website","url":"https:\/\/flexider-automotive-eu.com\/","name":"Flexider Automotive","description":"","potentialAction":[{"@type":"SearchAction","target":{"@type":"EntryPoint","urlTemplate":"https:\/\/flexider-automotive-eu.com\/?s={search_term_string}"},"query-input":{"@type":"PropertyValueSpecification","valueRequired":true,"valueName":"search_term_string"}}],"inLanguage":"de"}]}},"_links":{"self":[{"href":"https:\/\/flexider-automotive-eu.com\/de\/wp-json\/wp\/v2\/pages\/374","targetHints":{"allow":["GET"]}}],"collection":[{"href":"https:\/\/flexider-automotive-eu.com\/de\/wp-json\/wp\/v2\/pages"}],"about":[{"href":"https:\/\/flexider-automotive-eu.com\/de\/wp-json\/wp\/v2\/types\/page"}],"author":[{"embeddable":true,"href":"https:\/\/flexider-automotive-eu.com\/de\/wp-json\/wp\/v2\/users\/2"}],"replies":[{"embeddable":true,"href":"https:\/\/flexider-automotive-eu.com\/de\/wp-json\/wp\/v2\/comments?post=374"}],"version-history":[{"count":16,"href":"https:\/\/flexider-automotive-eu.com\/de\/wp-json\/wp\/v2\/pages\/374\/revisions"}],"predecessor-version":[{"id":2024,"href":"https:\/\/flexider-automotive-eu.com\/de\/wp-json\/wp\/v2\/pages\/374\/revisions\/2024"}],"up":[{"embeddable":true,"href":"https:\/\/flexider-automotive-eu.com\/de\/wp-json\/wp\/v2\/pages\/368"}],"wp:attachment":[{"href":"https:\/\/flexider-automotive-eu.com\/de\/wp-json\/wp\/v2\/media?parent=374"}],"curies":[{"name":"wp","href":"https:\/\/api.w.org\/{rel}","templated":true}]}}