{"id":377,"date":"2019-08-03T10:37:36","date_gmt":"2019-08-03T08:37:36","guid":{"rendered":"https:\/\/flexider-automotive-eu.com\/product-service\/products\/oil-drain-pipe\/"},"modified":"2020-09-15T09:27:30","modified_gmt":"2020-09-15T07:27:30","slug":"oil-drain-pipe","status":"publish","type":"page","link":"https:\/\/flexider-automotive-eu.com\/de\/product-service\/products\/oil-drain-pipe\/","title":{"rendered":"\u00d6lr\u00fccklauf Leitung"},"content":{"rendered":"<h4><img loading=\"lazy\" decoding=\"async\" class=\"alignnone size-full wp-image-1485 alignright\" src=\"https:\/\/flexider-automotive-eu.com\/wp-content\/uploads\/2019\/10\/oildrain-pipe1.jpg\" alt=\"\" width=\"415\" height=\"329\" srcset=\"https:\/\/flexider-automotive-eu.com\/wp-content\/uploads\/2019\/10\/oildrain-pipe1.jpg 415w, https:\/\/flexider-automotive-eu.com\/wp-content\/uploads\/2019\/10\/oildrain-pipe1-300x238.jpg 300w\" sizes=\"auto, (max-width: 415px) 100vw, 415px\" \/>Motornaher Einsatz<\/h4>\n<h4>Glattrohr Biegung<\/h4>\n<h4>Flexibilit\u00e4t durch Wellrohrbiegung<\/h4>\n<h4>Gewichtseinsparung durch d\u00fcnnwandige Rohre<\/h4>\n<h4>Kompensation von Schwingungen, W\u00e4rmedehnungen, Montagetoleranzen<\/h4>\n<h4>Korrosion,- und Temperaturbest\u00e4ndig<\/h4>\n<h4>Anbindungen nach Kundenwusch<\/h4>\n<h4>Integration von Dichtungen und O-Ringen nach Kundenwunsch<\/h4>\n<h4>Integration von Haltern nach Kundenwunsch<\/h4>\n","protected":false},"excerpt":{"rendered":"<p>Motornaher Einsatz Glattrohr Biegung Flexibilit\u00e4t durch Wellrohrbiegung Gewichtseinsparung durch d\u00fcnnwandige Rohre Kompensation von Schwingungen, W\u00e4rmedehnungen, Montagetoleranzen Korrosion,- und Temperaturbest\u00e4ndig Anbindungen nach Kundenwusch Integration von Dichtungen und O-Ringen nach Kundenwunsch Integration von Haltern nach Kundenwunsch<\/p>\n","protected":false},"author":2,"featured_media":0,"parent":368,"menu_order":670,"comment_status":"closed","ping_status":"closed","template":"","meta":{"ngg_post_thumbnail":0,"footnotes":""},"class_list":["post-377","page","type-page","status-publish","hentry"],"translation":{"provider":"WPGlobus","version":"3.0.2","language":"de","enabled_languages":["en","de","it","pl"],"languages":{"en":{"title":true,"content":true,"excerpt":false},"de":{"title":true,"content":true,"excerpt":false},"it":{"title":true,"content":true,"excerpt":false},"pl":{"title":true,"content":true,"excerpt":false}}},"yoast_head":"<!-- This site is optimized with the Yoast SEO plugin v27.4 - https:\/\/yoast.com\/product\/yoast-seo-wordpress\/ -->\n<title>\u00d6lr\u00fccklauf Leitung - Flexider Automotive<\/title>\n<meta name=\"robots\" content=\"index, follow, max-snippet:-1, max-image-preview:large, max-video-preview:-1\" \/>\n<link rel=\"canonical\" href=\"https:\/\/flexider-automotive-eu.com\/de\/product-service\/products\/oil-drain-pipe\/\" \/>\n<meta property=\"og:locale\" content=\"de_DE\" \/>\n<meta property=\"og:type\" content=\"article\" \/>\n<meta property=\"og:title\" content=\"\u00d6lr\u00fccklauf Leitung - Flexider Automotive\" \/>\n<meta property=\"og:url\" content=\"https:\/\/flexider-automotive-eu.com\/de\/product-service\/products\/oil-drain-pipe\/\" \/>\n<meta property=\"og:site_name\" content=\"Flexider Automotive\" \/>\n<meta property=\"article:modified_time\" content=\"2020-09-15T07:27:30+00:00\" \/>\n<meta property=\"og:image\" content=\"https:\/\/flexider-automotive-eu.com\/wp-content\/uploads\/2019\/10\/oildrain-pipe1.jpg\" \/>\n<meta name=\"twitter:card\" content=\"summary_large_image\" \/>\n<meta name=\"twitter:label1\" content=\"Gesch\u00e4tzte Lesezeit\" \/>\n\t<meta name=\"twitter:data1\" content=\"1\u00a0Minute\" \/>\n<script type=\"application\/ld+json\" class=\"yoast-schema-graph\">{\"@context\":\"https:\\\/\\\/schema.org\",\"@graph\":[{\"@type\":\"WebPage\",\"@id\":\"https:\\\/\\\/flexider-automotive-eu.com\\\/de\\\/product-service\\\/products\\\/oil-drain-pipe\\\/\",\"url\":\"https:\\\/\\\/flexider-automotive-eu.com\\\/de\\\/product-service\\\/products\\\/oil-drain-pipe\\\/\",\"name\":\"\u00d6lr\u00fccklauf Leitung - Flexider Automotive\",\"isPartOf\":{\"@id\":\"https:\\\/\\\/flexider-automotive-eu.com\\\/#website\"},\"primaryImageOfPage\":{\"@id\":\"https:\\\/\\\/flexider-automotive-eu.com\\\/de\\\/product-service\\\/products\\\/oil-drain-pipe\\\/#primaryimage\"},\"image\":{\"@id\":\"https:\\\/\\\/flexider-automotive-eu.com\\\/de\\\/product-service\\\/products\\\/oil-drain-pipe\\\/#primaryimage\"},\"thumbnailUrl\":\"https:\\\/\\\/flexider-automotive-eu.com\\\/wp-content\\\/uploads\\\/2019\\\/10\\\/oildrain-pipe1.jpg\",\"datePublished\":\"2019-08-03T08:37:36+00:00\",\"dateModified\":\"2020-09-15T07:27:30+00:00\",\"breadcrumb\":{\"@id\":\"https:\\\/\\\/flexider-automotive-eu.com\\\/de\\\/product-service\\\/products\\\/oil-drain-pipe\\\/#breadcrumb\"},\"inLanguage\":\"de\",\"potentialAction\":[{\"@type\":\"ReadAction\",\"target\":[\"https:\\\/\\\/flexider-automotive-eu.com\\\/de\\\/product-service\\\/products\\\/oil-drain-pipe\\\/\"]}]},{\"@type\":\"ImageObject\",\"inLanguage\":\"de\",\"@id\":\"https:\\\/\\\/flexider-automotive-eu.com\\\/de\\\/product-service\\\/products\\\/oil-drain-pipe\\\/#primaryimage\",\"url\":\"https:\\\/\\\/flexider-automotive-eu.com\\\/wp-content\\\/uploads\\\/2019\\\/10\\\/oildrain-pipe1.jpg\",\"contentUrl\":\"https:\\\/\\\/flexider-automotive-eu.com\\\/wp-content\\\/uploads\\\/2019\\\/10\\\/oildrain-pipe1.jpg\"},{\"@type\":\"BreadcrumbList\",\"@id\":\"https:\\\/\\\/flexider-automotive-eu.com\\\/de\\\/product-service\\\/products\\\/oil-drain-pipe\\\/#breadcrumb\",\"itemListElement\":[{\"@type\":\"ListItem\",\"position\":1,\"name\":\"Home\",\"item\":\"https:\\\/\\\/flexider-automotive-eu.com\\\/\"},{\"@type\":\"ListItem\",\"position\":2,\"name\":\"Product \\\/ Service\",\"item\":\"https:\\\/\\\/flexider-automotive-eu.com\\\/de\\\/product-service\\\/\"},{\"@type\":\"ListItem\",\"position\":3,\"name\":\"Produkte\",\"item\":\"https:\\\/\\\/flexider-automotive-eu.com\\\/de\\\/product-service\\\/products\\\/\"},{\"@type\":\"ListItem\",\"position\":4,\"name\":\"\u00d6lr\u00fccklauf Leitung\"}]},{\"@type\":\"WebSite\",\"@id\":\"https:\\\/\\\/flexider-automotive-eu.com\\\/#website\",\"url\":\"https:\\\/\\\/flexider-automotive-eu.com\\\/\",\"name\":\"Flexider Automotive\",\"description\":\"\",\"potentialAction\":[{\"@type\":\"SearchAction\",\"target\":{\"@type\":\"EntryPoint\",\"urlTemplate\":\"https:\\\/\\\/flexider-automotive-eu.com\\\/?s={search_term_string}\"},\"query-input\":{\"@type\":\"PropertyValueSpecification\",\"valueRequired\":true,\"valueName\":\"search_term_string\"}}],\"inLanguage\":\"de\"}]}<\/script>\n<!-- \/ Yoast SEO plugin. -->","yoast_head_json":{"title":"\u00d6lr\u00fccklauf Leitung - Flexider Automotive","robots":{"index":"index","follow":"follow","max-snippet":"max-snippet:-1","max-image-preview":"max-image-preview:large","max-video-preview":"max-video-preview:-1"},"canonical":"https:\/\/flexider-automotive-eu.com\/de\/product-service\/products\/oil-drain-pipe\/","og_locale":"de_DE","og_type":"article","og_title":"\u00d6lr\u00fccklauf Leitung - Flexider Automotive","og_url":"https:\/\/flexider-automotive-eu.com\/de\/product-service\/products\/oil-drain-pipe\/","og_site_name":"Flexider Automotive","article_modified_time":"2020-09-15T07:27:30+00:00","og_image":[{"url":"https:\/\/flexider-automotive-eu.com\/wp-content\/uploads\/2019\/10\/oildrain-pipe1.jpg","type":"","width":"","height":""}],"twitter_card":"summary_large_image","twitter_misc":{"Gesch\u00e4tzte Lesezeit":"1\u00a0Minute"},"schema":{"@context":"https:\/\/schema.org","@graph":[{"@type":"WebPage","@id":"https:\/\/flexider-automotive-eu.com\/de\/product-service\/products\/oil-drain-pipe\/","url":"https:\/\/flexider-automotive-eu.com\/de\/product-service\/products\/oil-drain-pipe\/","name":"\u00d6lr\u00fccklauf Leitung - Flexider Automotive","isPartOf":{"@id":"https:\/\/flexider-automotive-eu.com\/#website"},"primaryImageOfPage":{"@id":"https:\/\/flexider-automotive-eu.com\/de\/product-service\/products\/oil-drain-pipe\/#primaryimage"},"image":{"@id":"https:\/\/flexider-automotive-eu.com\/de\/product-service\/products\/oil-drain-pipe\/#primaryimage"},"thumbnailUrl":"https:\/\/flexider-automotive-eu.com\/wp-content\/uploads\/2019\/10\/oildrain-pipe1.jpg","datePublished":"2019-08-03T08:37:36+00:00","dateModified":"2020-09-15T07:27:30+00:00","breadcrumb":{"@id":"https:\/\/flexider-automotive-eu.com\/de\/product-service\/products\/oil-drain-pipe\/#breadcrumb"},"inLanguage":"de","potentialAction":[{"@type":"ReadAction","target":["https:\/\/flexider-automotive-eu.com\/de\/product-service\/products\/oil-drain-pipe\/"]}]},{"@type":"ImageObject","inLanguage":"de","@id":"https:\/\/flexider-automotive-eu.com\/de\/product-service\/products\/oil-drain-pipe\/#primaryimage","url":"https:\/\/flexider-automotive-eu.com\/wp-content\/uploads\/2019\/10\/oildrain-pipe1.jpg","contentUrl":"https:\/\/flexider-automotive-eu.com\/wp-content\/uploads\/2019\/10\/oildrain-pipe1.jpg"},{"@type":"BreadcrumbList","@id":"https:\/\/flexider-automotive-eu.com\/de\/product-service\/products\/oil-drain-pipe\/#breadcrumb","itemListElement":[{"@type":"ListItem","position":1,"name":"Home","item":"https:\/\/flexider-automotive-eu.com\/"},{"@type":"ListItem","position":2,"name":"Product \/ Service","item":"https:\/\/flexider-automotive-eu.com\/de\/product-service\/"},{"@type":"ListItem","position":3,"name":"Produkte","item":"https:\/\/flexider-automotive-eu.com\/de\/product-service\/products\/"},{"@type":"ListItem","position":4,"name":"\u00d6lr\u00fccklauf Leitung"}]},{"@type":"WebSite","@id":"https:\/\/flexider-automotive-eu.com\/#website","url":"https:\/\/flexider-automotive-eu.com\/","name":"Flexider Automotive","description":"","potentialAction":[{"@type":"SearchAction","target":{"@type":"EntryPoint","urlTemplate":"https:\/\/flexider-automotive-eu.com\/?s={search_term_string}"},"query-input":{"@type":"PropertyValueSpecification","valueRequired":true,"valueName":"search_term_string"}}],"inLanguage":"de"}]}},"_links":{"self":[{"href":"https:\/\/flexider-automotive-eu.com\/de\/wp-json\/wp\/v2\/pages\/377","targetHints":{"allow":["GET"]}}],"collection":[{"href":"https:\/\/flexider-automotive-eu.com\/de\/wp-json\/wp\/v2\/pages"}],"about":[{"href":"https:\/\/flexider-automotive-eu.com\/de\/wp-json\/wp\/v2\/types\/page"}],"author":[{"embeddable":true,"href":"https:\/\/flexider-automotive-eu.com\/de\/wp-json\/wp\/v2\/users\/2"}],"replies":[{"embeddable":true,"href":"https:\/\/flexider-automotive-eu.com\/de\/wp-json\/wp\/v2\/comments?post=377"}],"version-history":[{"count":12,"href":"https:\/\/flexider-automotive-eu.com\/de\/wp-json\/wp\/v2\/pages\/377\/revisions"}],"predecessor-version":[{"id":2028,"href":"https:\/\/flexider-automotive-eu.com\/de\/wp-json\/wp\/v2\/pages\/377\/revisions\/2028"}],"up":[{"embeddable":true,"href":"https:\/\/flexider-automotive-eu.com\/de\/wp-json\/wp\/v2\/pages\/368"}],"wp:attachment":[{"href":"https:\/\/flexider-automotive-eu.com\/de\/wp-json\/wp\/v2\/media?parent=377"}],"curies":[{"name":"wp","href":"https:\/\/api.w.org\/{rel}","templated":true}]}}