{"id":2117,"date":"2022-02-25T14:15:44","date_gmt":"2022-02-25T12:15:44","guid":{"rendered":"https:\/\/flexider-automotive-eu.com\/?page_id=2117"},"modified":"2022-02-28T12:15:30","modified_gmt":"2022-02-28T10:15:30","slug":"tisax","status":"publish","type":"page","link":"https:\/\/flexider-automotive-eu.com\/pl\/certificates\/tisax\/","title":{"rendered":""},"content":{"rendered":"<h5><img loading=\"lazy\" decoding=\"async\" class=\"wp-image-2112 aligncenter\" src=\"https:\/\/flexider-automotive-eu.com\/wp-content\/uploads\/2022\/02\/TISAX-Result-ohne-Verlauf.jpg\" alt=\"\" width=\"564\" height=\"358\" srcset=\"https:\/\/flexider-automotive-eu.com\/wp-content\/uploads\/2022\/02\/TISAX-Result-ohne-Verlauf.jpg 1836w, https:\/\/flexider-automotive-eu.com\/wp-content\/uploads\/2022\/02\/TISAX-Result-ohne-Verlauf-300x190.jpg 300w, https:\/\/flexider-automotive-eu.com\/wp-content\/uploads\/2022\/02\/TISAX-Result-ohne-Verlauf-1024x650.jpg 1024w, https:\/\/flexider-automotive-eu.com\/wp-content\/uploads\/2022\/02\/TISAX-Result-ohne-Verlauf-768x487.jpg 768w, https:\/\/flexider-automotive-eu.com\/wp-content\/uploads\/2022\/02\/TISAX-Result-ohne-Verlauf-1536x975.jpg 1536w\" sizes=\"auto, (max-width: 564px) 100vw, 564px\" \/><\/h5>\n<h5>&nbsp;<\/h5>\n<h5 style=\"text-align: center;\">Stowarzyszenie ENX wspiera z TISAX (Trusted Information Security Assessment Exchange) w imieniu VDA og\u00f3ln\u0105 akceptacj\u0119 ocen bezpiecze\u0144stwa informacji w przemy\u015ble motoryzacyjnym. Oceny TISAX s\u0105 przeprowadzane przez akredytowanych dostawc\u00f3w us\u0142ug audytowych, kt\u00f3rzy wykazuj\u0105 swoje kwalifikacje w regularnych odst\u0119pach czasu. TISAX i wyniki TISAX nie s\u0105 przeznaczone dla og\u00f3\u0142u spo\u0142ecze\u0144stwa.<\/h5>\n<h5 style=\"text-align: center;\">Dla Flexider Poland Sp.z o.o.; ; Flexider Automotive Deutschland GmbH; Flexider Italy s.r.l.poufno\u015b\u0107, dost\u0119pno\u015b\u0107 i integralno\u015b\u0107 informacji ma wielk\u0105 warto\u015b\u0107. Podj\u0119li\u015bmy szeroko zakrojone \u015brodki ochrony informacji [wra\u017cliwych i\/lub poufnych]. Dlatego kierujemy si\u0119 katalogiem pyta\u0144 o bezpiecze\u0144stwo informacji Niemieckiego Zwi\u0105zku Przemys\u0142u Motoryzacyjnego (VDA ISA). Ocena zosta\u0142a przeprowadzona przez dostawc\u0119 audytu, w tym przypadku dostawc\u0105 audytu TISAX (DEKRA). Wynik jest dost\u0119pny wy\u0142\u0105cznie w portalu ENX: https:\/\/portal.enx.com\/en-en\/TISAX\/tisaxassessmentresults&nbsp;&nbsp;<\/h5>\n","protected":false},"excerpt":{"rendered":"<p>&nbsp; Stowarzyszenie ENX wspiera z TISAX (Trusted Information Security Assessment Exchange) w imieniu VDA og\u00f3ln\u0105 akceptacj\u0119 ocen bezpiecze\u0144stwa informacji w przemy\u015ble motoryzacyjnym. Oceny TISAX s\u0105 przeprowadzane przez akredytowanych dostawc\u00f3w us\u0142ug audytowych, kt\u00f3rzy wykazuj\u0105 swoje kwalifikacje w regularnych odst\u0119pach czasu. TISAX i wyniki TISAX nie s\u0105 przeznaczone dla og\u00f3\u0142u spo\u0142ecze\u0144stwa. Dla Flexider Poland Sp.z o.o.; ; [&hellip;]<\/p>\n","protected":false},"author":4,"featured_media":0,"parent":370,"menu_order":0,"comment_status":"closed","ping_status":"closed","template":"","meta":{"ngg_post_thumbnail":0,"footnotes":""},"class_list":["post-2117","page","type-page","status-publish","hentry"],"translation":{"provider":"WPGlobus","version":"3.0.2","language":"pl","enabled_languages":["en","de","it","pl"],"languages":{"en":{"title":false,"content":true,"excerpt":false},"de":{"title":false,"content":true,"excerpt":false},"it":{"title":false,"content":true,"excerpt":false},"pl":{"title":false,"content":true,"excerpt":false}}},"yoast_head":"<!-- This site is optimized with the Yoast SEO plugin v27.4 - https:\/\/yoast.com\/product\/yoast-seo-wordpress\/ -->\n<title>- Flexider Automotive<\/title>\n<meta name=\"robots\" content=\"index, follow, max-snippet:-1, max-image-preview:large, max-video-preview:-1\" \/>\n<link rel=\"canonical\" href=\"https:\/\/flexider-automotive-eu.com\/certificates\/tisax\/\" \/>\n<meta property=\"og:locale\" content=\"pl_PL\" \/>\n<meta property=\"og:type\" content=\"article\" \/>\n<meta property=\"og:title\" content=\"- Flexider Automotive\" \/>\n<meta property=\"og:url\" content=\"https:\/\/flexider-automotive-eu.com\/certificates\/tisax\/\" \/>\n<meta property=\"og:site_name\" content=\"Flexider Automotive\" \/>\n<meta property=\"article:modified_time\" content=\"2022-02-28T10:15:30+00:00\" \/>\n<meta property=\"og:image\" content=\"https:\/\/flexider-automotive-eu.com\/wp-content\/uploads\/2022\/02\/TISAX-Result-ohne-Verlauf.jpg\" \/>\n<meta name=\"twitter:card\" content=\"summary_large_image\" \/>\n<meta name=\"twitter:label1\" content=\"Szacowany czas czytania\" \/>\n\t<meta name=\"twitter:data1\" content=\"1 minuta\" \/>\n<script type=\"application\/ld+json\" class=\"yoast-schema-graph\">{\"@context\":\"https:\\\/\\\/schema.org\",\"@graph\":[{\"@type\":\"WebPage\",\"@id\":\"https:\\\/\\\/flexider-automotive-eu.com\\\/certificates\\\/tisax\\\/\",\"url\":\"https:\\\/\\\/flexider-automotive-eu.com\\\/certificates\\\/tisax\\\/\",\"name\":\"- Flexider Automotive\",\"isPartOf\":{\"@id\":\"https:\\\/\\\/flexider-automotive-eu.com\\\/#website\"},\"primaryImageOfPage\":{\"@id\":\"https:\\\/\\\/flexider-automotive-eu.com\\\/certificates\\\/tisax\\\/#primaryimage\"},\"image\":{\"@id\":\"https:\\\/\\\/flexider-automotive-eu.com\\\/certificates\\\/tisax\\\/#primaryimage\"},\"thumbnailUrl\":\"https:\\\/\\\/flexider-automotive-eu.com\\\/wp-content\\\/uploads\\\/2022\\\/02\\\/TISAX-Result-ohne-Verlauf.jpg\",\"datePublished\":\"2022-02-25T12:15:44+00:00\",\"dateModified\":\"2022-02-28T10:15:30+00:00\",\"breadcrumb\":{\"@id\":\"https:\\\/\\\/flexider-automotive-eu.com\\\/certificates\\\/tisax\\\/#breadcrumb\"},\"inLanguage\":\"pl-PL\",\"potentialAction\":[{\"@type\":\"ReadAction\",\"target\":[\"https:\\\/\\\/flexider-automotive-eu.com\\\/certificates\\\/tisax\\\/\"]}]},{\"@type\":\"ImageObject\",\"inLanguage\":\"pl-PL\",\"@id\":\"https:\\\/\\\/flexider-automotive-eu.com\\\/certificates\\\/tisax\\\/#primaryimage\",\"url\":\"https:\\\/\\\/flexider-automotive-eu.com\\\/wp-content\\\/uploads\\\/2022\\\/02\\\/TISAX-Result-ohne-Verlauf.jpg\",\"contentUrl\":\"https:\\\/\\\/flexider-automotive-eu.com\\\/wp-content\\\/uploads\\\/2022\\\/02\\\/TISAX-Result-ohne-Verlauf.jpg\"},{\"@type\":\"BreadcrumbList\",\"@id\":\"https:\\\/\\\/flexider-automotive-eu.com\\\/certificates\\\/tisax\\\/#breadcrumb\",\"itemListElement\":[{\"@type\":\"ListItem\",\"position\":1,\"name\":\"Home\",\"item\":\"https:\\\/\\\/flexider-automotive-eu.com\\\/\"},{\"@type\":\"ListItem\",\"position\":2,\"name\":\"Certificates\",\"item\":\"https:\\\/\\\/flexider-automotive-eu.com\\\/certificates\\\/\"}]},{\"@type\":\"WebSite\",\"@id\":\"https:\\\/\\\/flexider-automotive-eu.com\\\/#website\",\"url\":\"https:\\\/\\\/flexider-automotive-eu.com\\\/\",\"name\":\"Flexider Automotive\",\"description\":\"\",\"potentialAction\":[{\"@type\":\"SearchAction\",\"target\":{\"@type\":\"EntryPoint\",\"urlTemplate\":\"https:\\\/\\\/flexider-automotive-eu.com\\\/?s={search_term_string}\"},\"query-input\":{\"@type\":\"PropertyValueSpecification\",\"valueRequired\":true,\"valueName\":\"search_term_string\"}}],\"inLanguage\":\"pl-PL\"}]}<\/script>\n<!-- \/ Yoast SEO plugin. -->","yoast_head_json":{"title":"- Flexider Automotive","robots":{"index":"index","follow":"follow","max-snippet":"max-snippet:-1","max-image-preview":"max-image-preview:large","max-video-preview":"max-video-preview:-1"},"canonical":"https:\/\/flexider-automotive-eu.com\/certificates\/tisax\/","og_locale":"pl_PL","og_type":"article","og_title":"- Flexider Automotive","og_url":"https:\/\/flexider-automotive-eu.com\/certificates\/tisax\/","og_site_name":"Flexider Automotive","article_modified_time":"2022-02-28T10:15:30+00:00","og_image":[{"url":"https:\/\/flexider-automotive-eu.com\/wp-content\/uploads\/2022\/02\/TISAX-Result-ohne-Verlauf.jpg","type":"","width":"","height":""}],"twitter_card":"summary_large_image","twitter_misc":{"Szacowany czas czytania":"1 minuta"},"schema":{"@context":"https:\/\/schema.org","@graph":[{"@type":"WebPage","@id":"https:\/\/flexider-automotive-eu.com\/certificates\/tisax\/","url":"https:\/\/flexider-automotive-eu.com\/certificates\/tisax\/","name":"- Flexider Automotive","isPartOf":{"@id":"https:\/\/flexider-automotive-eu.com\/#website"},"primaryImageOfPage":{"@id":"https:\/\/flexider-automotive-eu.com\/certificates\/tisax\/#primaryimage"},"image":{"@id":"https:\/\/flexider-automotive-eu.com\/certificates\/tisax\/#primaryimage"},"thumbnailUrl":"https:\/\/flexider-automotive-eu.com\/wp-content\/uploads\/2022\/02\/TISAX-Result-ohne-Verlauf.jpg","datePublished":"2022-02-25T12:15:44+00:00","dateModified":"2022-02-28T10:15:30+00:00","breadcrumb":{"@id":"https:\/\/flexider-automotive-eu.com\/certificates\/tisax\/#breadcrumb"},"inLanguage":"pl-PL","potentialAction":[{"@type":"ReadAction","target":["https:\/\/flexider-automotive-eu.com\/certificates\/tisax\/"]}]},{"@type":"ImageObject","inLanguage":"pl-PL","@id":"https:\/\/flexider-automotive-eu.com\/certificates\/tisax\/#primaryimage","url":"https:\/\/flexider-automotive-eu.com\/wp-content\/uploads\/2022\/02\/TISAX-Result-ohne-Verlauf.jpg","contentUrl":"https:\/\/flexider-automotive-eu.com\/wp-content\/uploads\/2022\/02\/TISAX-Result-ohne-Verlauf.jpg"},{"@type":"BreadcrumbList","@id":"https:\/\/flexider-automotive-eu.com\/certificates\/tisax\/#breadcrumb","itemListElement":[{"@type":"ListItem","position":1,"name":"Home","item":"https:\/\/flexider-automotive-eu.com\/"},{"@type":"ListItem","position":2,"name":"Certificates","item":"https:\/\/flexider-automotive-eu.com\/certificates\/"}]},{"@type":"WebSite","@id":"https:\/\/flexider-automotive-eu.com\/#website","url":"https:\/\/flexider-automotive-eu.com\/","name":"Flexider Automotive","description":"","potentialAction":[{"@type":"SearchAction","target":{"@type":"EntryPoint","urlTemplate":"https:\/\/flexider-automotive-eu.com\/?s={search_term_string}"},"query-input":{"@type":"PropertyValueSpecification","valueRequired":true,"valueName":"search_term_string"}}],"inLanguage":"pl-PL"}]}},"_links":{"self":[{"href":"https:\/\/flexider-automotive-eu.com\/pl\/wp-json\/wp\/v2\/pages\/2117","targetHints":{"allow":["GET"]}}],"collection":[{"href":"https:\/\/flexider-automotive-eu.com\/pl\/wp-json\/wp\/v2\/pages"}],"about":[{"href":"https:\/\/flexider-automotive-eu.com\/pl\/wp-json\/wp\/v2\/types\/page"}],"author":[{"embeddable":true,"href":"https:\/\/flexider-automotive-eu.com\/pl\/wp-json\/wp\/v2\/users\/4"}],"replies":[{"embeddable":true,"href":"https:\/\/flexider-automotive-eu.com\/pl\/wp-json\/wp\/v2\/comments?post=2117"}],"version-history":[{"count":8,"href":"https:\/\/flexider-automotive-eu.com\/pl\/wp-json\/wp\/v2\/pages\/2117\/revisions"}],"predecessor-version":[{"id":2139,"href":"https:\/\/flexider-automotive-eu.com\/pl\/wp-json\/wp\/v2\/pages\/2117\/revisions\/2139"}],"up":[{"embeddable":true,"href":"https:\/\/flexider-automotive-eu.com\/pl\/wp-json\/wp\/v2\/pages\/370"}],"wp:attachment":[{"href":"https:\/\/flexider-automotive-eu.com\/pl\/wp-json\/wp\/v2\/media?parent=2117"}],"curies":[{"name":"wp","href":"https:\/\/api.w.org\/{rel}","templated":true}]}}