{"id":345,"date":"2019-08-03T10:37:33","date_gmt":"2019-08-03T08:37:33","guid":{"rendered":"https:\/\/flexider-automotive-eu.com\/company\/facts-and-figures\/"},"modified":"2020-09-15T11:08:13","modified_gmt":"2020-09-15T09:08:13","slug":"about-us","status":"publish","type":"page","link":"https:\/\/flexider-automotive-eu.com\/pl\/company\/about-us\/","title":{"rendered":""},"content":{"rendered":"<h1><span style=\"color: #ff0000;\">Flexider Automotive<\/span><\/h1>\n<h1><span style=\"color: #ff0000;\">Tw\u00f3j partner w zakresie elastycznych rozwi\u0105za\u0144 na rynku motoryzacyjnym.<\/span><\/h1>\n<h4>Byli\u015bmy jednym z pierwszych producent\u00f3w przewod\u00f3w elastycznych do zastosowa\u0144 motoryzacyjnych.<br \/>\nJu\u017c w 1980 r. Pierwszy przew\u00f3d elastyczny zosta\u0142 wyprodukowany w Turynie i zainstalowany w Fiacie Lancia Integrale.<\/h4>\n<h4>W dzisiejszym zak\u0142adzie produkcyjnym w Bieruniu (Polska) produkujemy teraz elastyczne elementy ze stali nierdzewnej do zastosowa\u0144 w zarz\u0105dzaniu silnikami, w uk\u0142adach wydechowych i agregatach do samochod\u00f3w i pojazd\u00f3w u\u017cytkowych. Sami produkujemy 95% wymaganych podzespo\u0142\u00f3w, dzi\u0119ki czemu mo\u017cemy bardzo elastycznie kontrolowa\u0107 nasz\u0105 produkcj\u0119 produkt\u00f3w ko\u0144cowych.<\/h4>\n<h4>IIndywidualne rozwi\u0105zania realizowane s\u0105 w \u015bcis\u0142ej wsp\u00f3\u0142pracy z naszymi klientami.<br \/>\nNasz do\u015bwiadczony zesp\u00f3\u0142 projektowy b\u0119dzie Ci towarzyszy\u0142 od wst\u0119pnego rozwi\u0105zania do produkcji seryjnej.<\/h4>\n<h4>Aby m\u00f3c szybciej reagowa\u0107 na potrzeby producent\u00f3w samochod\u00f3w i producent\u00f3w uk\u0142ad\u00f3w wydechowych, w 2018 roku w Karlsruhe zosta\u0142o otwarte biuro sprzeda\u017cy i rozwoju.<\/h4>\n<h4>&nbsp;<\/h4>\n","protected":false},"excerpt":{"rendered":"<p>Flexider Automotive Tw\u00f3j partner w zakresie elastycznych rozwi\u0105za\u0144 na rynku motoryzacyjnym. Byli\u015bmy jednym z pierwszych producent\u00f3w przewod\u00f3w elastycznych do zastosowa\u0144 motoryzacyjnych. Ju\u017c w 1980 r. Pierwszy przew\u00f3d elastyczny zosta\u0142 wyprodukowany w Turynie i zainstalowany w Fiacie Lancia Integrale. W dzisiejszym zak\u0142adzie produkcyjnym w Bieruniu (Polska) produkujemy teraz elastyczne elementy ze stali nierdzewnej do zastosowa\u0144 w [&hellip;]<\/p>\n","protected":false},"author":2,"featured_media":0,"parent":344,"menu_order":30,"comment_status":"closed","ping_status":"closed","template":"","meta":{"ngg_post_thumbnail":0,"footnotes":""},"class_list":["post-345","page","type-page","status-publish","hentry"],"translation":{"provider":"WPGlobus","version":"3.0.2","language":"pl","enabled_languages":["en","de","it","pl"],"languages":{"en":{"title":false,"content":true,"excerpt":false},"de":{"title":false,"content":true,"excerpt":false},"it":{"title":false,"content":true,"excerpt":false},"pl":{"title":false,"content":true,"excerpt":false}}},"yoast_head":"<!-- This site is optimized with the Yoast SEO plugin v27.4 - https:\/\/yoast.com\/product\/yoast-seo-wordpress\/ -->\n<title>- Flexider Automotive<\/title>\n<meta name=\"robots\" content=\"index, follow, max-snippet:-1, max-image-preview:large, max-video-preview:-1\" \/>\n<link rel=\"canonical\" href=\"https:\/\/flexider-automotive-eu.com\/de\/company\/about-us\/\" \/>\n<meta property=\"og:locale\" content=\"pl_PL\" \/>\n<meta property=\"og:type\" content=\"article\" \/>\n<meta property=\"og:title\" content=\"- Flexider Automotive\" \/>\n<meta property=\"og:url\" content=\"https:\/\/flexider-automotive-eu.com\/de\/company\/about-us\/\" \/>\n<meta property=\"og:site_name\" content=\"Flexider Automotive\" \/>\n<meta property=\"article:modified_time\" content=\"2020-09-15T09:08:13+00:00\" \/>\n<meta name=\"twitter:card\" content=\"summary_large_image\" \/>\n<meta name=\"twitter:label1\" content=\"Szacowany czas czytania\" \/>\n\t<meta name=\"twitter:data1\" content=\"3 minuty\" \/>\n<script type=\"application\/ld+json\" class=\"yoast-schema-graph\">{\"@context\":\"https:\\\/\\\/schema.org\",\"@graph\":[{\"@type\":\"WebPage\",\"@id\":\"https:\\\/\\\/flexider-automotive-eu.com\\\/de\\\/company\\\/about-us\\\/\",\"url\":\"https:\\\/\\\/flexider-automotive-eu.com\\\/de\\\/company\\\/about-us\\\/\",\"name\":\"- Flexider Automotive\",\"isPartOf\":{\"@id\":\"https:\\\/\\\/flexider-automotive-eu.com\\\/#website\"},\"datePublished\":\"2019-08-03T08:37:33+00:00\",\"dateModified\":\"2020-09-15T09:08:13+00:00\",\"breadcrumb\":{\"@id\":\"https:\\\/\\\/flexider-automotive-eu.com\\\/de\\\/company\\\/about-us\\\/#breadcrumb\"},\"inLanguage\":\"pl-PL\",\"potentialAction\":[{\"@type\":\"ReadAction\",\"target\":[\"https:\\\/\\\/flexider-automotive-eu.com\\\/de\\\/company\\\/about-us\\\/\"]}]},{\"@type\":\"BreadcrumbList\",\"@id\":\"https:\\\/\\\/flexider-automotive-eu.com\\\/de\\\/company\\\/about-us\\\/#breadcrumb\",\"itemListElement\":[{\"@type\":\"ListItem\",\"position\":1,\"name\":\"Home\",\"item\":\"https:\\\/\\\/flexider-automotive-eu.com\\\/\"},{\"@type\":\"ListItem\",\"position\":2,\"name\":\"Firma\",\"item\":\"https:\\\/\\\/flexider-automotive-eu.com\\\/de\\\/company\\\/\"}]},{\"@type\":\"WebSite\",\"@id\":\"https:\\\/\\\/flexider-automotive-eu.com\\\/#website\",\"url\":\"https:\\\/\\\/flexider-automotive-eu.com\\\/\",\"name\":\"Flexider Automotive\",\"description\":\"\",\"potentialAction\":[{\"@type\":\"SearchAction\",\"target\":{\"@type\":\"EntryPoint\",\"urlTemplate\":\"https:\\\/\\\/flexider-automotive-eu.com\\\/?s={search_term_string}\"},\"query-input\":{\"@type\":\"PropertyValueSpecification\",\"valueRequired\":true,\"valueName\":\"search_term_string\"}}],\"inLanguage\":\"pl-PL\"}]}<\/script>\n<!-- \/ Yoast SEO plugin. -->","yoast_head_json":{"title":"- Flexider Automotive","robots":{"index":"index","follow":"follow","max-snippet":"max-snippet:-1","max-image-preview":"max-image-preview:large","max-video-preview":"max-video-preview:-1"},"canonical":"https:\/\/flexider-automotive-eu.com\/de\/company\/about-us\/","og_locale":"pl_PL","og_type":"article","og_title":"- Flexider Automotive","og_url":"https:\/\/flexider-automotive-eu.com\/de\/company\/about-us\/","og_site_name":"Flexider Automotive","article_modified_time":"2020-09-15T09:08:13+00:00","twitter_card":"summary_large_image","twitter_misc":{"Szacowany czas czytania":"3 minuty"},"schema":{"@context":"https:\/\/schema.org","@graph":[{"@type":"WebPage","@id":"https:\/\/flexider-automotive-eu.com\/de\/company\/about-us\/","url":"https:\/\/flexider-automotive-eu.com\/de\/company\/about-us\/","name":"- Flexider Automotive","isPartOf":{"@id":"https:\/\/flexider-automotive-eu.com\/#website"},"datePublished":"2019-08-03T08:37:33+00:00","dateModified":"2020-09-15T09:08:13+00:00","breadcrumb":{"@id":"https:\/\/flexider-automotive-eu.com\/de\/company\/about-us\/#breadcrumb"},"inLanguage":"pl-PL","potentialAction":[{"@type":"ReadAction","target":["https:\/\/flexider-automotive-eu.com\/de\/company\/about-us\/"]}]},{"@type":"BreadcrumbList","@id":"https:\/\/flexider-automotive-eu.com\/de\/company\/about-us\/#breadcrumb","itemListElement":[{"@type":"ListItem","position":1,"name":"Home","item":"https:\/\/flexider-automotive-eu.com\/"},{"@type":"ListItem","position":2,"name":"Firma","item":"https:\/\/flexider-automotive-eu.com\/de\/company\/"}]},{"@type":"WebSite","@id":"https:\/\/flexider-automotive-eu.com\/#website","url":"https:\/\/flexider-automotive-eu.com\/","name":"Flexider Automotive","description":"","potentialAction":[{"@type":"SearchAction","target":{"@type":"EntryPoint","urlTemplate":"https:\/\/flexider-automotive-eu.com\/?s={search_term_string}"},"query-input":{"@type":"PropertyValueSpecification","valueRequired":true,"valueName":"search_term_string"}}],"inLanguage":"pl-PL"}]}},"_links":{"self":[{"href":"https:\/\/flexider-automotive-eu.com\/pl\/wp-json\/wp\/v2\/pages\/345","targetHints":{"allow":["GET"]}}],"collection":[{"href":"https:\/\/flexider-automotive-eu.com\/pl\/wp-json\/wp\/v2\/pages"}],"about":[{"href":"https:\/\/flexider-automotive-eu.com\/pl\/wp-json\/wp\/v2\/types\/page"}],"author":[{"embeddable":true,"href":"https:\/\/flexider-automotive-eu.com\/pl\/wp-json\/wp\/v2\/users\/2"}],"replies":[{"embeddable":true,"href":"https:\/\/flexider-automotive-eu.com\/pl\/wp-json\/wp\/v2\/comments?post=345"}],"version-history":[{"count":22,"href":"https:\/\/flexider-automotive-eu.com\/pl\/wp-json\/wp\/v2\/pages\/345\/revisions"}],"predecessor-version":[{"id":2066,"href":"https:\/\/flexider-automotive-eu.com\/pl\/wp-json\/wp\/v2\/pages\/345\/revisions\/2066"}],"up":[{"embeddable":true,"href":"https:\/\/flexider-automotive-eu.com\/pl\/wp-json\/wp\/v2\/pages\/344"}],"wp:attachment":[{"href":"https:\/\/flexider-automotive-eu.com\/pl\/wp-json\/wp\/v2\/media?parent=345"}],"curies":[{"name":"wp","href":"https:\/\/api.w.org\/{rel}","templated":true}]}}