{"id":350,"date":"2019-08-03T10:37:33","date_gmt":"2019-08-03T08:37:33","guid":{"rendered":"https:\/\/flexider-automotive-eu.com\/company\/flexider-automotive-italy\/"},"modified":"2020-09-15T08:52:18","modified_gmt":"2020-09-15T06:52:18","slug":"flexider-automotive-italy","status":"publish","type":"page","link":"https:\/\/flexider-automotive-eu.com\/pl\/company\/flexider-automotive-italy\/","title":{"rendered":"Flexider Automotive Italy s.r.l."},"content":{"rendered":"<p>&nbsp;<\/p>\n<p>Via Guglielmo Reiss Romoli 265\/3<br \/>\n10148 Turyn,<\/p>\n<h3>W\u0142ochy<img loading=\"lazy\" decoding=\"async\" class=\"alignright wp-image-1902\" src=\"https:\/\/flexider-automotive-eu.com\/wp-content\/uploads\/2020\/08\/1-Flexider-Italy-894x1024.jpg\" alt=\"\" width=\"694\" height=\"795\" srcset=\"https:\/\/flexider-automotive-eu.com\/wp-content\/uploads\/2020\/08\/1-Flexider-Italy-894x1024.jpg 894w, https:\/\/flexider-automotive-eu.com\/wp-content\/uploads\/2020\/08\/1-Flexider-Italy-262x300.jpg 262w, https:\/\/flexider-automotive-eu.com\/wp-content\/uploads\/2020\/08\/1-Flexider-Italy-768x880.jpg 768w, https:\/\/flexider-automotive-eu.com\/wp-content\/uploads\/2020\/08\/1-Flexider-Italy.jpg 1162w\" sizes=\"auto, (max-width: 694px) 100vw, 694px\" \/><\/h3>\n<p>Telefon: +39 011 2745 707<br \/>\nEmail: fai-info [at] flexider-automotive-eu.com<\/p>\n<h3>Specjalizacja:<\/h3>\n<p>Sprzeda\u017c<\/p>\n<p>Obs\u0142uga klienta<\/p>\n<p>Rozw\u00f3j<\/p>\n<p>Zarz\u0105dzanie programem<\/p>\n<p>Pomiary RLDA<\/p>\n","protected":false},"excerpt":{"rendered":"<p>&nbsp; Via Guglielmo Reiss Romoli 265\/3 10148 Turyn, W\u0142ochy Telefon: +39 011 2745 707 Email: fai-info [at] flexider-automotive-eu.com Specjalizacja: Sprzeda\u017c Obs\u0142uga klienta Rozw\u00f3j Zarz\u0105dzanie programem Pomiary RLDA<\/p>\n","protected":false},"author":2,"featured_media":0,"parent":344,"menu_order":130,"comment_status":"closed","ping_status":"closed","template":"","meta":{"ngg_post_thumbnail":0,"footnotes":""},"class_list":["post-350","page","type-page","status-publish","hentry"],"translation":{"provider":"WPGlobus","version":"3.0.2","language":"pl","enabled_languages":["en","de","it","pl"],"languages":{"en":{"title":true,"content":true,"excerpt":false},"de":{"title":false,"content":true,"excerpt":false},"it":{"title":false,"content":true,"excerpt":false},"pl":{"title":false,"content":true,"excerpt":false}}},"yoast_head":"<!-- This site is optimized with the Yoast SEO plugin v27.4 - https:\/\/yoast.com\/product\/yoast-seo-wordpress\/ -->\n<title>Flexider Automotive Italy s.r.l. - Flexider Automotive<\/title>\n<meta name=\"robots\" content=\"index, follow, max-snippet:-1, max-image-preview:large, max-video-preview:-1\" \/>\n<link rel=\"canonical\" href=\"https:\/\/flexider-automotive-eu.com\/de\/company\/flexider-automotive-italy\/\" \/>\n<meta property=\"og:locale\" content=\"pl_PL\" \/>\n<meta property=\"og:type\" content=\"article\" \/>\n<meta property=\"og:title\" content=\"Flexider Automotive Italy s.r.l. - Flexider Automotive\" \/>\n<meta property=\"og:url\" content=\"https:\/\/flexider-automotive-eu.com\/de\/company\/flexider-automotive-italy\/\" \/>\n<meta property=\"og:site_name\" content=\"Flexider Automotive\" \/>\n<meta property=\"article:modified_time\" content=\"2020-09-15T06:52:18+00:00\" \/>\n<meta property=\"og:image\" content=\"https:\/\/flexider-automotive-eu.com\/wp-content\/uploads\/2020\/08\/1-Flexider-Italy-894x1024.jpg\" \/>\n<meta name=\"twitter:card\" content=\"summary_large_image\" \/>\n<meta name=\"twitter:label1\" content=\"Szacowany czas czytania\" \/>\n\t<meta name=\"twitter:data1\" content=\"1 minuta\" \/>\n<script type=\"application\/ld+json\" class=\"yoast-schema-graph\">{\"@context\":\"https:\\\/\\\/schema.org\",\"@graph\":[{\"@type\":\"WebPage\",\"@id\":\"https:\\\/\\\/flexider-automotive-eu.com\\\/de\\\/company\\\/flexider-automotive-italy\\\/\",\"url\":\"https:\\\/\\\/flexider-automotive-eu.com\\\/de\\\/company\\\/flexider-automotive-italy\\\/\",\"name\":\"Flexider Automotive Italy s.r.l. - Flexider Automotive\",\"isPartOf\":{\"@id\":\"https:\\\/\\\/flexider-automotive-eu.com\\\/#website\"},\"primaryImageOfPage\":{\"@id\":\"https:\\\/\\\/flexider-automotive-eu.com\\\/de\\\/company\\\/flexider-automotive-italy\\\/#primaryimage\"},\"image\":{\"@id\":\"https:\\\/\\\/flexider-automotive-eu.com\\\/de\\\/company\\\/flexider-automotive-italy\\\/#primaryimage\"},\"thumbnailUrl\":\"https:\\\/\\\/flexider-automotive-eu.com\\\/wp-content\\\/uploads\\\/2020\\\/08\\\/1-Flexider-Italy-894x1024.jpg\",\"datePublished\":\"2019-08-03T08:37:33+00:00\",\"dateModified\":\"2020-09-15T06:52:18+00:00\",\"breadcrumb\":{\"@id\":\"https:\\\/\\\/flexider-automotive-eu.com\\\/de\\\/company\\\/flexider-automotive-italy\\\/#breadcrumb\"},\"inLanguage\":\"pl-PL\",\"potentialAction\":[{\"@type\":\"ReadAction\",\"target\":[\"https:\\\/\\\/flexider-automotive-eu.com\\\/de\\\/company\\\/flexider-automotive-italy\\\/\"]}]},{\"@type\":\"ImageObject\",\"inLanguage\":\"pl-PL\",\"@id\":\"https:\\\/\\\/flexider-automotive-eu.com\\\/de\\\/company\\\/flexider-automotive-italy\\\/#primaryimage\",\"url\":\"https:\\\/\\\/flexider-automotive-eu.com\\\/wp-content\\\/uploads\\\/2020\\\/08\\\/1-Flexider-Italy-894x1024.jpg\",\"contentUrl\":\"https:\\\/\\\/flexider-automotive-eu.com\\\/wp-content\\\/uploads\\\/2020\\\/08\\\/1-Flexider-Italy-894x1024.jpg\"},{\"@type\":\"BreadcrumbList\",\"@id\":\"https:\\\/\\\/flexider-automotive-eu.com\\\/de\\\/company\\\/flexider-automotive-italy\\\/#breadcrumb\",\"itemListElement\":[{\"@type\":\"ListItem\",\"position\":1,\"name\":\"Home\",\"item\":\"https:\\\/\\\/flexider-automotive-eu.com\\\/\"},{\"@type\":\"ListItem\",\"position\":2,\"name\":\"Firma\",\"item\":\"https:\\\/\\\/flexider-automotive-eu.com\\\/de\\\/company\\\/\"},{\"@type\":\"ListItem\",\"position\":3,\"name\":\"Flexider Automotive Italy s.r.l.\"}]},{\"@type\":\"WebSite\",\"@id\":\"https:\\\/\\\/flexider-automotive-eu.com\\\/#website\",\"url\":\"https:\\\/\\\/flexider-automotive-eu.com\\\/\",\"name\":\"Flexider Automotive\",\"description\":\"\",\"potentialAction\":[{\"@type\":\"SearchAction\",\"target\":{\"@type\":\"EntryPoint\",\"urlTemplate\":\"https:\\\/\\\/flexider-automotive-eu.com\\\/?s={search_term_string}\"},\"query-input\":{\"@type\":\"PropertyValueSpecification\",\"valueRequired\":true,\"valueName\":\"search_term_string\"}}],\"inLanguage\":\"pl-PL\"}]}<\/script>\n<!-- \/ Yoast SEO plugin. -->","yoast_head_json":{"title":"Flexider Automotive Italy s.r.l. - Flexider Automotive","robots":{"index":"index","follow":"follow","max-snippet":"max-snippet:-1","max-image-preview":"max-image-preview:large","max-video-preview":"max-video-preview:-1"},"canonical":"https:\/\/flexider-automotive-eu.com\/de\/company\/flexider-automotive-italy\/","og_locale":"pl_PL","og_type":"article","og_title":"Flexider Automotive Italy s.r.l. - Flexider Automotive","og_url":"https:\/\/flexider-automotive-eu.com\/de\/company\/flexider-automotive-italy\/","og_site_name":"Flexider Automotive","article_modified_time":"2020-09-15T06:52:18+00:00","og_image":[{"url":"https:\/\/flexider-automotive-eu.com\/wp-content\/uploads\/2020\/08\/1-Flexider-Italy-894x1024.jpg","type":"","width":"","height":""}],"twitter_card":"summary_large_image","twitter_misc":{"Szacowany czas czytania":"1 minuta"},"schema":{"@context":"https:\/\/schema.org","@graph":[{"@type":"WebPage","@id":"https:\/\/flexider-automotive-eu.com\/de\/company\/flexider-automotive-italy\/","url":"https:\/\/flexider-automotive-eu.com\/de\/company\/flexider-automotive-italy\/","name":"Flexider Automotive Italy s.r.l. - Flexider Automotive","isPartOf":{"@id":"https:\/\/flexider-automotive-eu.com\/#website"},"primaryImageOfPage":{"@id":"https:\/\/flexider-automotive-eu.com\/de\/company\/flexider-automotive-italy\/#primaryimage"},"image":{"@id":"https:\/\/flexider-automotive-eu.com\/de\/company\/flexider-automotive-italy\/#primaryimage"},"thumbnailUrl":"https:\/\/flexider-automotive-eu.com\/wp-content\/uploads\/2020\/08\/1-Flexider-Italy-894x1024.jpg","datePublished":"2019-08-03T08:37:33+00:00","dateModified":"2020-09-15T06:52:18+00:00","breadcrumb":{"@id":"https:\/\/flexider-automotive-eu.com\/de\/company\/flexider-automotive-italy\/#breadcrumb"},"inLanguage":"pl-PL","potentialAction":[{"@type":"ReadAction","target":["https:\/\/flexider-automotive-eu.com\/de\/company\/flexider-automotive-italy\/"]}]},{"@type":"ImageObject","inLanguage":"pl-PL","@id":"https:\/\/flexider-automotive-eu.com\/de\/company\/flexider-automotive-italy\/#primaryimage","url":"https:\/\/flexider-automotive-eu.com\/wp-content\/uploads\/2020\/08\/1-Flexider-Italy-894x1024.jpg","contentUrl":"https:\/\/flexider-automotive-eu.com\/wp-content\/uploads\/2020\/08\/1-Flexider-Italy-894x1024.jpg"},{"@type":"BreadcrumbList","@id":"https:\/\/flexider-automotive-eu.com\/de\/company\/flexider-automotive-italy\/#breadcrumb","itemListElement":[{"@type":"ListItem","position":1,"name":"Home","item":"https:\/\/flexider-automotive-eu.com\/"},{"@type":"ListItem","position":2,"name":"Firma","item":"https:\/\/flexider-automotive-eu.com\/de\/company\/"},{"@type":"ListItem","position":3,"name":"Flexider Automotive Italy s.r.l."}]},{"@type":"WebSite","@id":"https:\/\/flexider-automotive-eu.com\/#website","url":"https:\/\/flexider-automotive-eu.com\/","name":"Flexider Automotive","description":"","potentialAction":[{"@type":"SearchAction","target":{"@type":"EntryPoint","urlTemplate":"https:\/\/flexider-automotive-eu.com\/?s={search_term_string}"},"query-input":{"@type":"PropertyValueSpecification","valueRequired":true,"valueName":"search_term_string"}}],"inLanguage":"pl-PL"}]}},"_links":{"self":[{"href":"https:\/\/flexider-automotive-eu.com\/pl\/wp-json\/wp\/v2\/pages\/350","targetHints":{"allow":["GET"]}}],"collection":[{"href":"https:\/\/flexider-automotive-eu.com\/pl\/wp-json\/wp\/v2\/pages"}],"about":[{"href":"https:\/\/flexider-automotive-eu.com\/pl\/wp-json\/wp\/v2\/types\/page"}],"author":[{"embeddable":true,"href":"https:\/\/flexider-automotive-eu.com\/pl\/wp-json\/wp\/v2\/users\/2"}],"replies":[{"embeddable":true,"href":"https:\/\/flexider-automotive-eu.com\/pl\/wp-json\/wp\/v2\/comments?post=350"}],"version-history":[{"count":26,"href":"https:\/\/flexider-automotive-eu.com\/pl\/wp-json\/wp\/v2\/pages\/350\/revisions"}],"predecessor-version":[{"id":2010,"href":"https:\/\/flexider-automotive-eu.com\/pl\/wp-json\/wp\/v2\/pages\/350\/revisions\/2010"}],"up":[{"embeddable":true,"href":"https:\/\/flexider-automotive-eu.com\/pl\/wp-json\/wp\/v2\/pages\/344"}],"wp:attachment":[{"href":"https:\/\/flexider-automotive-eu.com\/pl\/wp-json\/wp\/v2\/media?parent=350"}],"curies":[{"name":"wp","href":"https:\/\/api.w.org\/{rel}","templated":true}]}}