{"id":369,"date":"2019-08-03T10:37:36","date_gmt":"2019-08-03T08:37:36","guid":{"rendered":"https:\/\/flexider-automotive-eu.com\/product-service\/engineering\/"},"modified":"2020-09-15T09:39:01","modified_gmt":"2020-09-15T07:39:01","slug":"engineering","status":"publish","type":"page","link":"https:\/\/flexider-automotive-eu.com\/pl\/engineering\/","title":{"rendered":"Rozw\u00f3j"},"content":{"rendered":"<h3 style=\"text-align: left;\">ANasze centrum rozwoju w Turynie wspiera naszych klient\u00f3w<br \/>\nod pierwszego projektu do seryjnego rozwi\u0105zania<br \/>\nelastycznych komponent\u00f3w.<img loading=\"lazy\" decoding=\"async\" class=\"size-full wp-image-1503 alignright\" src=\"https:\/\/flexider-automotive-eu.com\/wp-content\/uploads\/2019\/10\/FEA3.jpg\" alt=\"\" width=\"438\" height=\"221\" srcset=\"https:\/\/flexider-automotive-eu.com\/wp-content\/uploads\/2019\/10\/FEA3.jpg 438w, https:\/\/flexider-automotive-eu.com\/wp-content\/uploads\/2019\/10\/FEA3-300x151.jpg 300w\" sizes=\"auto, (max-width: 438px) 100vw, 438px\" \/><\/h3>\n<h3>MDzi\u0119ki naszym metodom i narz\u0119dziom programistycznym jeste\u015bmy w stanie opracowa\u0107 rozwi\u0105zania dostosowane do potrzeb klienta.<\/h3>\n<h3 style=\"text-align: left;\">Na przyk\u0142ad rozpatrujemy kompletny uk\u0142ad wydechowy,<br \/>\naby uzyska\u0107 najlepsze mo\u017cliwe rozwi\u0105zanie dla naszych<br \/>\nklient\u00f3w w najlepszej mo\u017cliwej cenie.<\/h3>\n<h3 style=\"text-align: left;\">Aby przewidzie\u0107 \u017cywotno\u015b\u0107 komponent\u00f3w,<br \/>\nwykorzystywane s\u0105 w tym procesie nowoczesne symulacje,<br \/>\ntakie jak obliczenia FEA.<\/h3>\n<p><span style=\"line-height: 107%; font-family: 'Georgia',serif; font-size: 12pt;\"><span style=\"color: #000000;\">&nbsp;<\/span><\/span><\/p>\n","protected":false},"excerpt":{"rendered":"<p>ANasze centrum rozwoju w Turynie wspiera naszych klient\u00f3w od pierwszego projektu do seryjnego rozwi\u0105zania elastycznych komponent\u00f3w. MDzi\u0119ki naszym metodom i narz\u0119dziom programistycznym jeste\u015bmy w stanie opracowa\u0107 rozwi\u0105zania dostosowane do potrzeb klienta. Na przyk\u0142ad rozpatrujemy kompletny uk\u0142ad wydechowy, aby uzyska\u0107 najlepsze mo\u017cliwe rozwi\u0105zanie dla naszych klient\u00f3w w najlepszej mo\u017cliwej cenie. Aby przewidzie\u0107 \u017cywotno\u015b\u0107 komponent\u00f3w, wykorzystywane s\u0105 [&hellip;]<\/p>\n","protected":false},"author":2,"featured_media":0,"parent":0,"menu_order":510,"comment_status":"closed","ping_status":"closed","template":"","meta":{"ngg_post_thumbnail":0,"footnotes":""},"class_list":["post-369","page","type-page","status-publish","hentry"],"translation":{"provider":"WPGlobus","version":"3.0.2","language":"pl","enabled_languages":["en","de","it","pl"],"languages":{"en":{"title":true,"content":true,"excerpt":false},"de":{"title":true,"content":true,"excerpt":false},"it":{"title":true,"content":true,"excerpt":false},"pl":{"title":true,"content":true,"excerpt":false}}},"yoast_head":"<!-- This site is optimized with the Yoast SEO plugin v27.4 - https:\/\/yoast.com\/product\/yoast-seo-wordpress\/ -->\n<title>Rozw\u00f3j - Flexider Automotive<\/title>\n<meta name=\"robots\" content=\"index, follow, max-snippet:-1, max-image-preview:large, max-video-preview:-1\" \/>\n<link rel=\"canonical\" href=\"https:\/\/flexider-automotive-eu.com\/de\/engineering\/\" \/>\n<meta property=\"og:locale\" content=\"pl_PL\" \/>\n<meta property=\"og:type\" content=\"article\" \/>\n<meta property=\"og:title\" content=\"Rozw\u00f3j - Flexider Automotive\" \/>\n<meta property=\"og:url\" content=\"https:\/\/flexider-automotive-eu.com\/de\/engineering\/\" \/>\n<meta property=\"og:site_name\" content=\"Flexider Automotive\" \/>\n<meta property=\"article:modified_time\" content=\"2020-09-15T07:39:01+00:00\" \/>\n<meta property=\"og:image\" content=\"https:\/\/flexider-automotive-eu.com\/wp-content\/uploads\/2019\/10\/FEA3.jpg\" \/>\n<meta name=\"twitter:card\" content=\"summary_large_image\" \/>\n<meta name=\"twitter:label1\" content=\"Szacowany czas czytania\" \/>\n\t<meta name=\"twitter:data1\" content=\"2 minuty\" \/>\n<script type=\"application\/ld+json\" class=\"yoast-schema-graph\">{\"@context\":\"https:\\\/\\\/schema.org\",\"@graph\":[{\"@type\":\"WebPage\",\"@id\":\"https:\\\/\\\/flexider-automotive-eu.com\\\/de\\\/engineering\\\/\",\"url\":\"https:\\\/\\\/flexider-automotive-eu.com\\\/de\\\/engineering\\\/\",\"name\":\"Rozw\u00f3j - Flexider Automotive\",\"isPartOf\":{\"@id\":\"https:\\\/\\\/flexider-automotive-eu.com\\\/#website\"},\"primaryImageOfPage\":{\"@id\":\"https:\\\/\\\/flexider-automotive-eu.com\\\/de\\\/engineering\\\/#primaryimage\"},\"image\":{\"@id\":\"https:\\\/\\\/flexider-automotive-eu.com\\\/de\\\/engineering\\\/#primaryimage\"},\"thumbnailUrl\":\"https:\\\/\\\/flexider-automotive-eu.com\\\/wp-content\\\/uploads\\\/2019\\\/10\\\/FEA3.jpg\",\"datePublished\":\"2019-08-03T08:37:36+00:00\",\"dateModified\":\"2020-09-15T07:39:01+00:00\",\"breadcrumb\":{\"@id\":\"https:\\\/\\\/flexider-automotive-eu.com\\\/de\\\/engineering\\\/#breadcrumb\"},\"inLanguage\":\"pl-PL\",\"potentialAction\":[{\"@type\":\"ReadAction\",\"target\":[\"https:\\\/\\\/flexider-automotive-eu.com\\\/de\\\/engineering\\\/\"]}]},{\"@type\":\"ImageObject\",\"inLanguage\":\"pl-PL\",\"@id\":\"https:\\\/\\\/flexider-automotive-eu.com\\\/de\\\/engineering\\\/#primaryimage\",\"url\":\"https:\\\/\\\/flexider-automotive-eu.com\\\/wp-content\\\/uploads\\\/2019\\\/10\\\/FEA3.jpg\",\"contentUrl\":\"https:\\\/\\\/flexider-automotive-eu.com\\\/wp-content\\\/uploads\\\/2019\\\/10\\\/FEA3.jpg\"},{\"@type\":\"BreadcrumbList\",\"@id\":\"https:\\\/\\\/flexider-automotive-eu.com\\\/de\\\/engineering\\\/#breadcrumb\",\"itemListElement\":[{\"@type\":\"ListItem\",\"position\":1,\"name\":\"Home\",\"item\":\"https:\\\/\\\/flexider-automotive-eu.com\\\/\"},{\"@type\":\"ListItem\",\"position\":2,\"name\":\"Entwicklung\"}]},{\"@type\":\"WebSite\",\"@id\":\"https:\\\/\\\/flexider-automotive-eu.com\\\/#website\",\"url\":\"https:\\\/\\\/flexider-automotive-eu.com\\\/\",\"name\":\"Flexider Automotive\",\"description\":\"\",\"potentialAction\":[{\"@type\":\"SearchAction\",\"target\":{\"@type\":\"EntryPoint\",\"urlTemplate\":\"https:\\\/\\\/flexider-automotive-eu.com\\\/?s={search_term_string}\"},\"query-input\":{\"@type\":\"PropertyValueSpecification\",\"valueRequired\":true,\"valueName\":\"search_term_string\"}}],\"inLanguage\":\"pl-PL\"}]}<\/script>\n<!-- \/ Yoast SEO plugin. -->","yoast_head_json":{"title":"Rozw\u00f3j - Flexider Automotive","robots":{"index":"index","follow":"follow","max-snippet":"max-snippet:-1","max-image-preview":"max-image-preview:large","max-video-preview":"max-video-preview:-1"},"canonical":"https:\/\/flexider-automotive-eu.com\/de\/engineering\/","og_locale":"pl_PL","og_type":"article","og_title":"Rozw\u00f3j - Flexider Automotive","og_url":"https:\/\/flexider-automotive-eu.com\/de\/engineering\/","og_site_name":"Flexider Automotive","article_modified_time":"2020-09-15T07:39:01+00:00","og_image":[{"url":"https:\/\/flexider-automotive-eu.com\/wp-content\/uploads\/2019\/10\/FEA3.jpg","type":"","width":"","height":""}],"twitter_card":"summary_large_image","twitter_misc":{"Szacowany czas czytania":"2 minuty"},"schema":{"@context":"https:\/\/schema.org","@graph":[{"@type":"WebPage","@id":"https:\/\/flexider-automotive-eu.com\/de\/engineering\/","url":"https:\/\/flexider-automotive-eu.com\/de\/engineering\/","name":"Rozw\u00f3j - Flexider Automotive","isPartOf":{"@id":"https:\/\/flexider-automotive-eu.com\/#website"},"primaryImageOfPage":{"@id":"https:\/\/flexider-automotive-eu.com\/de\/engineering\/#primaryimage"},"image":{"@id":"https:\/\/flexider-automotive-eu.com\/de\/engineering\/#primaryimage"},"thumbnailUrl":"https:\/\/flexider-automotive-eu.com\/wp-content\/uploads\/2019\/10\/FEA3.jpg","datePublished":"2019-08-03T08:37:36+00:00","dateModified":"2020-09-15T07:39:01+00:00","breadcrumb":{"@id":"https:\/\/flexider-automotive-eu.com\/de\/engineering\/#breadcrumb"},"inLanguage":"pl-PL","potentialAction":[{"@type":"ReadAction","target":["https:\/\/flexider-automotive-eu.com\/de\/engineering\/"]}]},{"@type":"ImageObject","inLanguage":"pl-PL","@id":"https:\/\/flexider-automotive-eu.com\/de\/engineering\/#primaryimage","url":"https:\/\/flexider-automotive-eu.com\/wp-content\/uploads\/2019\/10\/FEA3.jpg","contentUrl":"https:\/\/flexider-automotive-eu.com\/wp-content\/uploads\/2019\/10\/FEA3.jpg"},{"@type":"BreadcrumbList","@id":"https:\/\/flexider-automotive-eu.com\/de\/engineering\/#breadcrumb","itemListElement":[{"@type":"ListItem","position":1,"name":"Home","item":"https:\/\/flexider-automotive-eu.com\/"},{"@type":"ListItem","position":2,"name":"Entwicklung"}]},{"@type":"WebSite","@id":"https:\/\/flexider-automotive-eu.com\/#website","url":"https:\/\/flexider-automotive-eu.com\/","name":"Flexider Automotive","description":"","potentialAction":[{"@type":"SearchAction","target":{"@type":"EntryPoint","urlTemplate":"https:\/\/flexider-automotive-eu.com\/?s={search_term_string}"},"query-input":{"@type":"PropertyValueSpecification","valueRequired":true,"valueName":"search_term_string"}}],"inLanguage":"pl-PL"}]}},"_links":{"self":[{"href":"https:\/\/flexider-automotive-eu.com\/pl\/wp-json\/wp\/v2\/pages\/369","targetHints":{"allow":["GET"]}}],"collection":[{"href":"https:\/\/flexider-automotive-eu.com\/pl\/wp-json\/wp\/v2\/pages"}],"about":[{"href":"https:\/\/flexider-automotive-eu.com\/pl\/wp-json\/wp\/v2\/types\/page"}],"author":[{"embeddable":true,"href":"https:\/\/flexider-automotive-eu.com\/pl\/wp-json\/wp\/v2\/users\/2"}],"replies":[{"embeddable":true,"href":"https:\/\/flexider-automotive-eu.com\/pl\/wp-json\/wp\/v2\/comments?post=369"}],"version-history":[{"count":24,"href":"https:\/\/flexider-automotive-eu.com\/pl\/wp-json\/wp\/v2\/pages\/369\/revisions"}],"predecessor-version":[{"id":2037,"href":"https:\/\/flexider-automotive-eu.com\/pl\/wp-json\/wp\/v2\/pages\/369\/revisions\/2037"}],"wp:attachment":[{"href":"https:\/\/flexider-automotive-eu.com\/pl\/wp-json\/wp\/v2\/media?parent=369"}],"curies":[{"name":"wp","href":"https:\/\/api.w.org\/{rel}","templated":true}]}}