{"id":372,"date":"2019-08-03T10:37:36","date_gmt":"2019-08-03T08:37:36","guid":{"rendered":"https:\/\/flexider-automotive-eu.com\/product-service\/products\/high-flexible-hose\/"},"modified":"2020-09-15T09:14:12","modified_gmt":"2020-09-15T07:14:12","slug":"high-flexible-hose","status":"publish","type":"page","link":"https:\/\/flexider-automotive-eu.com\/pl\/product-service\/products\/high-flexible-hose\/","title":{"rendered":"Wysokoelastyczny przew\u00f3d metalowy"},"content":{"rendered":"<h4>Uniwersalne zastosowanie do wszystkich uk\u0142ad\u00f3w wydechowych<\/h4>\n<h4><img loading=\"lazy\" decoding=\"async\" class=\"alignright wp-image-1272 size-full\" src=\"https:\/\/flexider-automotive-eu.com\/wp-content\/uploads\/2019\/09\/IMG_4387.jpg\" alt=\"\" width=\"600\" height=\"427\" srcset=\"https:\/\/flexider-automotive-eu.com\/wp-content\/uploads\/2019\/09\/IMG_4387.jpg 600w, https:\/\/flexider-automotive-eu.com\/wp-content\/uploads\/2019\/09\/IMG_4387-300x214.jpg 300w\" sizes=\"auto, (max-width: 600px) 100vw, 600px\" \/><\/h4>\n<h4>Najlepsze rozwi\u0105zanie dla du\u017cych ruch\u00f3w osiowych, k\u0105towych i bocznych.<\/h4>\n<h4>Optymalne oddzielenie ruch\u00f3w silnika.<br \/>\nKompensacja rozszerzalno\u015bci cieplnej i tolerancji instalacji.<\/h4>\n<h4>Odporno\u015b\u0107 na korozj\u0119 i temperatur\u0119 dzi\u0119ki odpowiedniemu doborowi materia\u0142\u00f3w.<\/h4>\n<h4>Gazoszczelny<\/h4>\n<h4>Wersje okr\u0105g\u0142e i owalne.<\/h4>\n<h4>W zale\u017cno\u015bci od wymaga\u0144 klienta z cz\u0119\u015bciami \u0142\u0105cz\u0105cymi, np. ko\u0142nierz itp.<\/h4>\n<h4>Do samochod\u00f3w osobowych i dostawczych<\/h4>\n<p>&nbsp;<\/p>\n","protected":false},"excerpt":{"rendered":"<p>Uniwersalne zastosowanie do wszystkich uk\u0142ad\u00f3w wydechowych Najlepsze rozwi\u0105zanie dla du\u017cych ruch\u00f3w osiowych, k\u0105towych i bocznych. Optymalne oddzielenie ruch\u00f3w silnika. Kompensacja rozszerzalno\u015bci cieplnej i tolerancji instalacji. Odporno\u015b\u0107 na korozj\u0119 i temperatur\u0119 dzi\u0119ki odpowiedniemu doborowi materia\u0142\u00f3w. Gazoszczelny Wersje okr\u0105g\u0142e i owalne. W zale\u017cno\u015bci od wymaga\u0144 klienta z cz\u0119\u015bciami \u0142\u0105cz\u0105cymi, np. ko\u0142nierz itp. Do samochod\u00f3w osobowych i dostawczych [&hellip;]<\/p>\n","protected":false},"author":2,"featured_media":0,"parent":368,"menu_order":570,"comment_status":"closed","ping_status":"closed","template":"","meta":{"ngg_post_thumbnail":0,"footnotes":""},"class_list":["post-372","page","type-page","status-publish","hentry"],"translation":{"provider":"WPGlobus","version":"3.0.2","language":"pl","enabled_languages":["en","de","it","pl"],"languages":{"en":{"title":true,"content":true,"excerpt":false},"de":{"title":true,"content":true,"excerpt":false},"it":{"title":true,"content":true,"excerpt":false},"pl":{"title":true,"content":true,"excerpt":false}}},"yoast_head":"<!-- This site is optimized with the Yoast SEO plugin v27.4 - https:\/\/yoast.com\/product\/yoast-seo-wordpress\/ -->\n<title>Wysokoelastyczny przew\u00f3d metalowy - Flexider Automotive<\/title>\n<meta name=\"robots\" content=\"index, follow, max-snippet:-1, max-image-preview:large, max-video-preview:-1\" \/>\n<link rel=\"canonical\" href=\"https:\/\/flexider-automotive-eu.com\/de\/product-service\/products\/high-flexible-hose\/\" \/>\n<meta property=\"og:locale\" content=\"pl_PL\" \/>\n<meta property=\"og:type\" content=\"article\" \/>\n<meta property=\"og:title\" content=\"Wysokoelastyczny przew\u00f3d metalowy - Flexider Automotive\" \/>\n<meta property=\"og:url\" content=\"https:\/\/flexider-automotive-eu.com\/de\/product-service\/products\/high-flexible-hose\/\" \/>\n<meta property=\"og:site_name\" content=\"Flexider Automotive\" \/>\n<meta property=\"article:modified_time\" content=\"2020-09-15T07:14:12+00:00\" \/>\n<meta property=\"og:image\" content=\"https:\/\/flexider-automotive-eu.com\/wp-content\/uploads\/2019\/09\/IMG_4387.jpg\" \/>\n<meta name=\"twitter:card\" content=\"summary_large_image\" \/>\n<meta name=\"twitter:label1\" content=\"Szacowany czas czytania\" \/>\n\t<meta name=\"twitter:data1\" content=\"1 minuta\" \/>\n<script type=\"application\/ld+json\" class=\"yoast-schema-graph\">{\"@context\":\"https:\\\/\\\/schema.org\",\"@graph\":[{\"@type\":\"WebPage\",\"@id\":\"https:\\\/\\\/flexider-automotive-eu.com\\\/de\\\/product-service\\\/products\\\/high-flexible-hose\\\/\",\"url\":\"https:\\\/\\\/flexider-automotive-eu.com\\\/de\\\/product-service\\\/products\\\/high-flexible-hose\\\/\",\"name\":\"Wysokoelastyczny przew\u00f3d metalowy - Flexider Automotive\",\"isPartOf\":{\"@id\":\"https:\\\/\\\/flexider-automotive-eu.com\\\/#website\"},\"primaryImageOfPage\":{\"@id\":\"https:\\\/\\\/flexider-automotive-eu.com\\\/de\\\/product-service\\\/products\\\/high-flexible-hose\\\/#primaryimage\"},\"image\":{\"@id\":\"https:\\\/\\\/flexider-automotive-eu.com\\\/de\\\/product-service\\\/products\\\/high-flexible-hose\\\/#primaryimage\"},\"thumbnailUrl\":\"https:\\\/\\\/flexider-automotive-eu.com\\\/wp-content\\\/uploads\\\/2019\\\/09\\\/IMG_4387.jpg\",\"datePublished\":\"2019-08-03T08:37:36+00:00\",\"dateModified\":\"2020-09-15T07:14:12+00:00\",\"breadcrumb\":{\"@id\":\"https:\\\/\\\/flexider-automotive-eu.com\\\/de\\\/product-service\\\/products\\\/high-flexible-hose\\\/#breadcrumb\"},\"inLanguage\":\"pl-PL\",\"potentialAction\":[{\"@type\":\"ReadAction\",\"target\":[\"https:\\\/\\\/flexider-automotive-eu.com\\\/de\\\/product-service\\\/products\\\/high-flexible-hose\\\/\"]}]},{\"@type\":\"ImageObject\",\"inLanguage\":\"pl-PL\",\"@id\":\"https:\\\/\\\/flexider-automotive-eu.com\\\/de\\\/product-service\\\/products\\\/high-flexible-hose\\\/#primaryimage\",\"url\":\"https:\\\/\\\/flexider-automotive-eu.com\\\/wp-content\\\/uploads\\\/2019\\\/09\\\/IMG_4387.jpg\",\"contentUrl\":\"https:\\\/\\\/flexider-automotive-eu.com\\\/wp-content\\\/uploads\\\/2019\\\/09\\\/IMG_4387.jpg\"},{\"@type\":\"BreadcrumbList\",\"@id\":\"https:\\\/\\\/flexider-automotive-eu.com\\\/de\\\/product-service\\\/products\\\/high-flexible-hose\\\/#breadcrumb\",\"itemListElement\":[{\"@type\":\"ListItem\",\"position\":1,\"name\":\"Home\",\"item\":\"https:\\\/\\\/flexider-automotive-eu.com\\\/\"},{\"@type\":\"ListItem\",\"position\":2,\"name\":\"Product \\\/ Service\",\"item\":\"https:\\\/\\\/flexider-automotive-eu.com\\\/de\\\/product-service\\\/\"},{\"@type\":\"ListItem\",\"position\":3,\"name\":\"Produkte\",\"item\":\"https:\\\/\\\/flexider-automotive-eu.com\\\/de\\\/product-service\\\/products\\\/\"},{\"@type\":\"ListItem\",\"position\":4,\"name\":\"Hochflexible Metallschl\u00e4uche\"}]},{\"@type\":\"WebSite\",\"@id\":\"https:\\\/\\\/flexider-automotive-eu.com\\\/#website\",\"url\":\"https:\\\/\\\/flexider-automotive-eu.com\\\/\",\"name\":\"Flexider Automotive\",\"description\":\"\",\"potentialAction\":[{\"@type\":\"SearchAction\",\"target\":{\"@type\":\"EntryPoint\",\"urlTemplate\":\"https:\\\/\\\/flexider-automotive-eu.com\\\/?s={search_term_string}\"},\"query-input\":{\"@type\":\"PropertyValueSpecification\",\"valueRequired\":true,\"valueName\":\"search_term_string\"}}],\"inLanguage\":\"pl-PL\"}]}<\/script>\n<!-- \/ Yoast SEO plugin. -->","yoast_head_json":{"title":"Wysokoelastyczny przew\u00f3d metalowy - Flexider Automotive","robots":{"index":"index","follow":"follow","max-snippet":"max-snippet:-1","max-image-preview":"max-image-preview:large","max-video-preview":"max-video-preview:-1"},"canonical":"https:\/\/flexider-automotive-eu.com\/de\/product-service\/products\/high-flexible-hose\/","og_locale":"pl_PL","og_type":"article","og_title":"Wysokoelastyczny przew\u00f3d metalowy - Flexider Automotive","og_url":"https:\/\/flexider-automotive-eu.com\/de\/product-service\/products\/high-flexible-hose\/","og_site_name":"Flexider Automotive","article_modified_time":"2020-09-15T07:14:12+00:00","og_image":[{"url":"https:\/\/flexider-automotive-eu.com\/wp-content\/uploads\/2019\/09\/IMG_4387.jpg","type":"","width":"","height":""}],"twitter_card":"summary_large_image","twitter_misc":{"Szacowany czas czytania":"1 minuta"},"schema":{"@context":"https:\/\/schema.org","@graph":[{"@type":"WebPage","@id":"https:\/\/flexider-automotive-eu.com\/de\/product-service\/products\/high-flexible-hose\/","url":"https:\/\/flexider-automotive-eu.com\/de\/product-service\/products\/high-flexible-hose\/","name":"Wysokoelastyczny przew\u00f3d metalowy - Flexider Automotive","isPartOf":{"@id":"https:\/\/flexider-automotive-eu.com\/#website"},"primaryImageOfPage":{"@id":"https:\/\/flexider-automotive-eu.com\/de\/product-service\/products\/high-flexible-hose\/#primaryimage"},"image":{"@id":"https:\/\/flexider-automotive-eu.com\/de\/product-service\/products\/high-flexible-hose\/#primaryimage"},"thumbnailUrl":"https:\/\/flexider-automotive-eu.com\/wp-content\/uploads\/2019\/09\/IMG_4387.jpg","datePublished":"2019-08-03T08:37:36+00:00","dateModified":"2020-09-15T07:14:12+00:00","breadcrumb":{"@id":"https:\/\/flexider-automotive-eu.com\/de\/product-service\/products\/high-flexible-hose\/#breadcrumb"},"inLanguage":"pl-PL","potentialAction":[{"@type":"ReadAction","target":["https:\/\/flexider-automotive-eu.com\/de\/product-service\/products\/high-flexible-hose\/"]}]},{"@type":"ImageObject","inLanguage":"pl-PL","@id":"https:\/\/flexider-automotive-eu.com\/de\/product-service\/products\/high-flexible-hose\/#primaryimage","url":"https:\/\/flexider-automotive-eu.com\/wp-content\/uploads\/2019\/09\/IMG_4387.jpg","contentUrl":"https:\/\/flexider-automotive-eu.com\/wp-content\/uploads\/2019\/09\/IMG_4387.jpg"},{"@type":"BreadcrumbList","@id":"https:\/\/flexider-automotive-eu.com\/de\/product-service\/products\/high-flexible-hose\/#breadcrumb","itemListElement":[{"@type":"ListItem","position":1,"name":"Home","item":"https:\/\/flexider-automotive-eu.com\/"},{"@type":"ListItem","position":2,"name":"Product \/ Service","item":"https:\/\/flexider-automotive-eu.com\/de\/product-service\/"},{"@type":"ListItem","position":3,"name":"Produkte","item":"https:\/\/flexider-automotive-eu.com\/de\/product-service\/products\/"},{"@type":"ListItem","position":4,"name":"Hochflexible Metallschl\u00e4uche"}]},{"@type":"WebSite","@id":"https:\/\/flexider-automotive-eu.com\/#website","url":"https:\/\/flexider-automotive-eu.com\/","name":"Flexider Automotive","description":"","potentialAction":[{"@type":"SearchAction","target":{"@type":"EntryPoint","urlTemplate":"https:\/\/flexider-automotive-eu.com\/?s={search_term_string}"},"query-input":{"@type":"PropertyValueSpecification","valueRequired":true,"valueName":"search_term_string"}}],"inLanguage":"pl-PL"}]}},"_links":{"self":[{"href":"https:\/\/flexider-automotive-eu.com\/pl\/wp-json\/wp\/v2\/pages\/372","targetHints":{"allow":["GET"]}}],"collection":[{"href":"https:\/\/flexider-automotive-eu.com\/pl\/wp-json\/wp\/v2\/pages"}],"about":[{"href":"https:\/\/flexider-automotive-eu.com\/pl\/wp-json\/wp\/v2\/types\/page"}],"author":[{"embeddable":true,"href":"https:\/\/flexider-automotive-eu.com\/pl\/wp-json\/wp\/v2\/users\/2"}],"replies":[{"embeddable":true,"href":"https:\/\/flexider-automotive-eu.com\/pl\/wp-json\/wp\/v2\/comments?post=372"}],"version-history":[{"count":25,"href":"https:\/\/flexider-automotive-eu.com\/pl\/wp-json\/wp\/v2\/pages\/372\/revisions"}],"predecessor-version":[{"id":2017,"href":"https:\/\/flexider-automotive-eu.com\/pl\/wp-json\/wp\/v2\/pages\/372\/revisions\/2017"}],"up":[{"embeddable":true,"href":"https:\/\/flexider-automotive-eu.com\/pl\/wp-json\/wp\/v2\/pages\/368"}],"wp:attachment":[{"href":"https:\/\/flexider-automotive-eu.com\/pl\/wp-json\/wp\/v2\/media?parent=372"}],"curies":[{"name":"wp","href":"https:\/\/api.w.org\/{rel}","templated":true}]}}