{"id":373,"date":"2019-08-03T10:37:36","date_gmt":"2019-08-03T08:37:36","guid":{"rendered":"https:\/\/flexider-automotive-eu.com\/product-service\/products\/self-supporting-flex-hose\/"},"modified":"2020-09-15T09:18:32","modified_gmt":"2020-09-15T07:18:32","slug":"self-supporting-flex-hose","status":"publish","type":"page","link":"https:\/\/flexider-automotive-eu.com\/pl\/product-service\/products\/self-supporting-flex-hose\/","title":{"rendered":"Samono\u015bny przew\u00f3d elastyczny"},"content":{"rendered":"<h4>Uniwersalne zastosowanie do wszystkich uk\u0142ad\u00f3w wydechowych<img loading=\"lazy\" decoding=\"async\" class=\"alignright wp-image-1270 size-full\" src=\"https:\/\/flexider-automotive-eu.com\/wp-content\/uploads\/2019\/09\/IMG_4411.jpg\" alt=\"\" width=\"600\" height=\"427\"><\/h4>\n<h4>Odsprz\u0119glenie ruch\u00f3w i wibracji silnika.<\/h4>\n<h4>Kompaktowa konstrukcja<\/h4>\n<h4>Odporno\u015b\u0107 na korozj\u0119 i temperatur\u0119 dzi\u0119ki odpowiedniemu doborowi materia\u0142\u00f3w<\/h4>\n<h4>Gazoszczelny<\/h4>\n<h4>Z w\u0119\u017cem metalowym zwijanym (liner) lub rurk\u0105 p\u0142omieniow\u0105<\/h4>\n<h4>W zale\u017cno\u015bci od wymaga\u0144 klienta z cz\u0119\u015bciami \u0142\u0105cz\u0105cymi np. ko\u0142nierz,<\/h4>\n<h4>&nbsp;<\/h4>\n","protected":false},"excerpt":{"rendered":"<p>Uniwersalne zastosowanie do wszystkich uk\u0142ad\u00f3w wydechowych Odsprz\u0119glenie ruch\u00f3w i wibracji silnika. Kompaktowa konstrukcja Odporno\u015b\u0107 na korozj\u0119 i temperatur\u0119 dzi\u0119ki odpowiedniemu doborowi materia\u0142\u00f3w Gazoszczelny Z w\u0119\u017cem metalowym zwijanym (liner) lub rurk\u0105 p\u0142omieniow\u0105 W zale\u017cno\u015bci od wymaga\u0144 klienta z cz\u0119\u015bciami \u0142\u0105cz\u0105cymi np. ko\u0142nierz, &nbsp;<\/p>\n","protected":false},"author":2,"featured_media":0,"parent":368,"menu_order":590,"comment_status":"closed","ping_status":"closed","template":"","meta":{"ngg_post_thumbnail":0,"footnotes":""},"class_list":["post-373","page","type-page","status-publish","hentry"],"translation":{"provider":"WPGlobus","version":"3.0.2","language":"pl","enabled_languages":["en","de","it","pl"],"languages":{"en":{"title":true,"content":true,"excerpt":false},"de":{"title":true,"content":true,"excerpt":false},"it":{"title":true,"content":true,"excerpt":false},"pl":{"title":true,"content":true,"excerpt":false}}},"yoast_head":"<!-- This site is optimized with the Yoast SEO plugin v27.4 - https:\/\/yoast.com\/product\/yoast-seo-wordpress\/ -->\n<title>Samono\u015bny przew\u00f3d elastyczny - Flexider Automotive<\/title>\n<meta name=\"robots\" content=\"index, follow, max-snippet:-1, max-image-preview:large, max-video-preview:-1\" \/>\n<link rel=\"canonical\" href=\"https:\/\/flexider-automotive-eu.com\/de\/product-service\/products\/self-supporting-flex-hose\/\" \/>\n<meta property=\"og:locale\" content=\"pl_PL\" \/>\n<meta property=\"og:type\" content=\"article\" \/>\n<meta property=\"og:title\" content=\"Samono\u015bny przew\u00f3d elastyczny - Flexider Automotive\" \/>\n<meta property=\"og:url\" content=\"https:\/\/flexider-automotive-eu.com\/de\/product-service\/products\/self-supporting-flex-hose\/\" \/>\n<meta property=\"og:site_name\" content=\"Flexider Automotive\" \/>\n<meta property=\"article:modified_time\" content=\"2020-09-15T07:18:32+00:00\" \/>\n<meta property=\"og:image\" content=\"https:\/\/flexider-automotive-eu.com\/wp-content\/uploads\/2019\/09\/IMG_4411.jpg\" \/>\n<meta name=\"twitter:card\" content=\"summary_large_image\" \/>\n<meta name=\"twitter:label1\" content=\"Szacowany czas czytania\" \/>\n\t<meta name=\"twitter:data1\" content=\"1 minuta\" \/>\n<script type=\"application\/ld+json\" class=\"yoast-schema-graph\">{\"@context\":\"https:\\\/\\\/schema.org\",\"@graph\":[{\"@type\":\"WebPage\",\"@id\":\"https:\\\/\\\/flexider-automotive-eu.com\\\/de\\\/product-service\\\/products\\\/self-supporting-flex-hose\\\/\",\"url\":\"https:\\\/\\\/flexider-automotive-eu.com\\\/de\\\/product-service\\\/products\\\/self-supporting-flex-hose\\\/\",\"name\":\"Samono\u015bny przew\u00f3d elastyczny - Flexider Automotive\",\"isPartOf\":{\"@id\":\"https:\\\/\\\/flexider-automotive-eu.com\\\/#website\"},\"primaryImageOfPage\":{\"@id\":\"https:\\\/\\\/flexider-automotive-eu.com\\\/de\\\/product-service\\\/products\\\/self-supporting-flex-hose\\\/#primaryimage\"},\"image\":{\"@id\":\"https:\\\/\\\/flexider-automotive-eu.com\\\/de\\\/product-service\\\/products\\\/self-supporting-flex-hose\\\/#primaryimage\"},\"thumbnailUrl\":\"https:\\\/\\\/flexider-automotive-eu.com\\\/wp-content\\\/uploads\\\/2019\\\/09\\\/IMG_4411.jpg\",\"datePublished\":\"2019-08-03T08:37:36+00:00\",\"dateModified\":\"2020-09-15T07:18:32+00:00\",\"breadcrumb\":{\"@id\":\"https:\\\/\\\/flexider-automotive-eu.com\\\/de\\\/product-service\\\/products\\\/self-supporting-flex-hose\\\/#breadcrumb\"},\"inLanguage\":\"pl-PL\",\"potentialAction\":[{\"@type\":\"ReadAction\",\"target\":[\"https:\\\/\\\/flexider-automotive-eu.com\\\/de\\\/product-service\\\/products\\\/self-supporting-flex-hose\\\/\"]}]},{\"@type\":\"ImageObject\",\"inLanguage\":\"pl-PL\",\"@id\":\"https:\\\/\\\/flexider-automotive-eu.com\\\/de\\\/product-service\\\/products\\\/self-supporting-flex-hose\\\/#primaryimage\",\"url\":\"https:\\\/\\\/flexider-automotive-eu.com\\\/wp-content\\\/uploads\\\/2019\\\/09\\\/IMG_4411.jpg\",\"contentUrl\":\"https:\\\/\\\/flexider-automotive-eu.com\\\/wp-content\\\/uploads\\\/2019\\\/09\\\/IMG_4411.jpg\"},{\"@type\":\"BreadcrumbList\",\"@id\":\"https:\\\/\\\/flexider-automotive-eu.com\\\/de\\\/product-service\\\/products\\\/self-supporting-flex-hose\\\/#breadcrumb\",\"itemListElement\":[{\"@type\":\"ListItem\",\"position\":1,\"name\":\"Home\",\"item\":\"https:\\\/\\\/flexider-automotive-eu.com\\\/\"},{\"@type\":\"ListItem\",\"position\":2,\"name\":\"Product \\\/ Service\",\"item\":\"https:\\\/\\\/flexider-automotive-eu.com\\\/de\\\/product-service\\\/\"},{\"@type\":\"ListItem\",\"position\":3,\"name\":\"Produkte\",\"item\":\"https:\\\/\\\/flexider-automotive-eu.com\\\/de\\\/product-service\\\/products\\\/\"},{\"@type\":\"ListItem\",\"position\":4,\"name\":\"Selbsttragende Metallschl\u00e4uche\"}]},{\"@type\":\"WebSite\",\"@id\":\"https:\\\/\\\/flexider-automotive-eu.com\\\/#website\",\"url\":\"https:\\\/\\\/flexider-automotive-eu.com\\\/\",\"name\":\"Flexider Automotive\",\"description\":\"\",\"potentialAction\":[{\"@type\":\"SearchAction\",\"target\":{\"@type\":\"EntryPoint\",\"urlTemplate\":\"https:\\\/\\\/flexider-automotive-eu.com\\\/?s={search_term_string}\"},\"query-input\":{\"@type\":\"PropertyValueSpecification\",\"valueRequired\":true,\"valueName\":\"search_term_string\"}}],\"inLanguage\":\"pl-PL\"}]}<\/script>\n<!-- \/ Yoast SEO plugin. -->","yoast_head_json":{"title":"Samono\u015bny przew\u00f3d elastyczny - Flexider Automotive","robots":{"index":"index","follow":"follow","max-snippet":"max-snippet:-1","max-image-preview":"max-image-preview:large","max-video-preview":"max-video-preview:-1"},"canonical":"https:\/\/flexider-automotive-eu.com\/de\/product-service\/products\/self-supporting-flex-hose\/","og_locale":"pl_PL","og_type":"article","og_title":"Samono\u015bny przew\u00f3d elastyczny - Flexider Automotive","og_url":"https:\/\/flexider-automotive-eu.com\/de\/product-service\/products\/self-supporting-flex-hose\/","og_site_name":"Flexider Automotive","article_modified_time":"2020-09-15T07:18:32+00:00","og_image":[{"url":"https:\/\/flexider-automotive-eu.com\/wp-content\/uploads\/2019\/09\/IMG_4411.jpg","type":"","width":"","height":""}],"twitter_card":"summary_large_image","twitter_misc":{"Szacowany czas czytania":"1 minuta"},"schema":{"@context":"https:\/\/schema.org","@graph":[{"@type":"WebPage","@id":"https:\/\/flexider-automotive-eu.com\/de\/product-service\/products\/self-supporting-flex-hose\/","url":"https:\/\/flexider-automotive-eu.com\/de\/product-service\/products\/self-supporting-flex-hose\/","name":"Samono\u015bny przew\u00f3d elastyczny - Flexider Automotive","isPartOf":{"@id":"https:\/\/flexider-automotive-eu.com\/#website"},"primaryImageOfPage":{"@id":"https:\/\/flexider-automotive-eu.com\/de\/product-service\/products\/self-supporting-flex-hose\/#primaryimage"},"image":{"@id":"https:\/\/flexider-automotive-eu.com\/de\/product-service\/products\/self-supporting-flex-hose\/#primaryimage"},"thumbnailUrl":"https:\/\/flexider-automotive-eu.com\/wp-content\/uploads\/2019\/09\/IMG_4411.jpg","datePublished":"2019-08-03T08:37:36+00:00","dateModified":"2020-09-15T07:18:32+00:00","breadcrumb":{"@id":"https:\/\/flexider-automotive-eu.com\/de\/product-service\/products\/self-supporting-flex-hose\/#breadcrumb"},"inLanguage":"pl-PL","potentialAction":[{"@type":"ReadAction","target":["https:\/\/flexider-automotive-eu.com\/de\/product-service\/products\/self-supporting-flex-hose\/"]}]},{"@type":"ImageObject","inLanguage":"pl-PL","@id":"https:\/\/flexider-automotive-eu.com\/de\/product-service\/products\/self-supporting-flex-hose\/#primaryimage","url":"https:\/\/flexider-automotive-eu.com\/wp-content\/uploads\/2019\/09\/IMG_4411.jpg","contentUrl":"https:\/\/flexider-automotive-eu.com\/wp-content\/uploads\/2019\/09\/IMG_4411.jpg"},{"@type":"BreadcrumbList","@id":"https:\/\/flexider-automotive-eu.com\/de\/product-service\/products\/self-supporting-flex-hose\/#breadcrumb","itemListElement":[{"@type":"ListItem","position":1,"name":"Home","item":"https:\/\/flexider-automotive-eu.com\/"},{"@type":"ListItem","position":2,"name":"Product \/ Service","item":"https:\/\/flexider-automotive-eu.com\/de\/product-service\/"},{"@type":"ListItem","position":3,"name":"Produkte","item":"https:\/\/flexider-automotive-eu.com\/de\/product-service\/products\/"},{"@type":"ListItem","position":4,"name":"Selbsttragende Metallschl\u00e4uche"}]},{"@type":"WebSite","@id":"https:\/\/flexider-automotive-eu.com\/#website","url":"https:\/\/flexider-automotive-eu.com\/","name":"Flexider Automotive","description":"","potentialAction":[{"@type":"SearchAction","target":{"@type":"EntryPoint","urlTemplate":"https:\/\/flexider-automotive-eu.com\/?s={search_term_string}"},"query-input":{"@type":"PropertyValueSpecification","valueRequired":true,"valueName":"search_term_string"}}],"inLanguage":"pl-PL"}]}},"_links":{"self":[{"href":"https:\/\/flexider-automotive-eu.com\/pl\/wp-json\/wp\/v2\/pages\/373","targetHints":{"allow":["GET"]}}],"collection":[{"href":"https:\/\/flexider-automotive-eu.com\/pl\/wp-json\/wp\/v2\/pages"}],"about":[{"href":"https:\/\/flexider-automotive-eu.com\/pl\/wp-json\/wp\/v2\/types\/page"}],"author":[{"embeddable":true,"href":"https:\/\/flexider-automotive-eu.com\/pl\/wp-json\/wp\/v2\/users\/2"}],"replies":[{"embeddable":true,"href":"https:\/\/flexider-automotive-eu.com\/pl\/wp-json\/wp\/v2\/comments?post=373"}],"version-history":[{"count":12,"href":"https:\/\/flexider-automotive-eu.com\/pl\/wp-json\/wp\/v2\/pages\/373\/revisions"}],"predecessor-version":[{"id":2021,"href":"https:\/\/flexider-automotive-eu.com\/pl\/wp-json\/wp\/v2\/pages\/373\/revisions\/2021"}],"up":[{"embeddable":true,"href":"https:\/\/flexider-automotive-eu.com\/pl\/wp-json\/wp\/v2\/pages\/368"}],"wp:attachment":[{"href":"https:\/\/flexider-automotive-eu.com\/pl\/wp-json\/wp\/v2\/media?parent=373"}],"curies":[{"name":"wp","href":"https:\/\/api.w.org\/{rel}","templated":true}]}}