{"id":375,"date":"2019-08-03T10:37:36","date_gmt":"2019-08-03T08:37:36","guid":{"rendered":"https:\/\/flexider-automotive-eu.com\/product-service\/products\/engine-manifold-bellows\/"},"modified":"2020-08-31T11:25:07","modified_gmt":"2020-08-31T09:25:07","slug":"engine-manifold-bellows","status":"publish","type":"page","link":"https:\/\/flexider-automotive-eu.com\/pl\/product-service\/products\/engine-manifold-bellows\/","title":{"rendered":"T\u0142umik wysokiej cz\u0119stotliwo\u015bci"},"content":{"rendered":"<h4>Metalowe mieszki samono\u015bne<img loading=\"lazy\" decoding=\"async\" class=\"size-full wp-image-1445 alignright\" src=\"https:\/\/flexider-automotive-eu.com\/wp-content\/uploads\/2019\/10\/IMG_4211-1.jpg\" alt=\"\" width=\"600\" height=\"427\" srcset=\"https:\/\/flexider-automotive-eu.com\/wp-content\/uploads\/2019\/10\/IMG_4211-1.jpg 600w, https:\/\/flexider-automotive-eu.com\/wp-content\/uploads\/2019\/10\/IMG_4211-1-300x214.jpg 300w\" sizes=\"auto, (max-width: 600px) 100vw, 600px\" \/><\/h4>\n<h4>Stosowane w obszarze turbospr\u0119\u017carki<\/h4>\n<h4>Odsprz\u0119glenie wibracji o wysokiej cz\u0119stotliwo\u015bci<\/h4>\n<h4>Konstrukcja mieszk\u00f3w wielowarstwowych<\/h4>\n<h4>Gazoszczelny<\/h4>\n<h4>Odporno\u015b\u0107 na wysok\u0105 temperatur\u0119 dzi\u0119ki odpowiedniemu doborowi materia\u0142\u00f3w<\/h4>\n<h4>Kompensacja rozszerzalno\u015bci cieplnej i tolerancji instalacji<\/h4>\n<h4>Odporny na korozj\u0119<\/h4>\n<h4>Wysokie t\u0142umienie<\/h4>\n<h4>W zale\u017cno\u015bci od wymaga\u0144 klienta z cz\u0119\u015bciami \u0142\u0105cz\u0105cymi np. ko\u0142nierz, p\u0142yta V itp<\/h4>\n","protected":false},"excerpt":{"rendered":"<p>Metalowe mieszki samono\u015bne Stosowane w obszarze turbospr\u0119\u017carki Odsprz\u0119glenie wibracji o wysokiej cz\u0119stotliwo\u015bci Konstrukcja mieszk\u00f3w wielowarstwowych Gazoszczelny Odporno\u015b\u0107 na wysok\u0105 temperatur\u0119 dzi\u0119ki odpowiedniemu doborowi materia\u0142\u00f3w Kompensacja rozszerzalno\u015bci cieplnej i tolerancji instalacji Odporny na korozj\u0119 Wysokie t\u0142umienie W zale\u017cno\u015bci od wymaga\u0144 klienta z cz\u0119\u015bciami \u0142\u0105cz\u0105cymi np. ko\u0142nierz, p\u0142yta V itp<\/p>\n","protected":false},"author":2,"featured_media":0,"parent":368,"menu_order":630,"comment_status":"closed","ping_status":"closed","template":"","meta":{"ngg_post_thumbnail":0,"footnotes":""},"class_list":["post-375","page","type-page","status-publish","hentry"],"translation":{"provider":"WPGlobus","version":"3.0.2","language":"pl","enabled_languages":["en","de","it","pl"],"languages":{"en":{"title":true,"content":true,"excerpt":false},"de":{"title":true,"content":true,"excerpt":false},"it":{"title":false,"content":false,"excerpt":false},"pl":{"title":true,"content":true,"excerpt":false}}},"yoast_head":"<!-- This site is optimized with the Yoast SEO plugin v27.4 - https:\/\/yoast.com\/product\/yoast-seo-wordpress\/ -->\n<title>T\u0142umik wysokiej cz\u0119stotliwo\u015bci  - Flexider Automotive<\/title>\n<meta name=\"robots\" content=\"index, follow, max-snippet:-1, max-image-preview:large, max-video-preview:-1\" \/>\n<link rel=\"canonical\" href=\"https:\/\/flexider-automotive-eu.com\/de\/product-service\/products\/engine-manifold-bellows\/\" \/>\n<meta property=\"og:locale\" content=\"pl_PL\" \/>\n<meta property=\"og:type\" content=\"article\" \/>\n<meta property=\"og:title\" content=\"T\u0142umik wysokiej cz\u0119stotliwo\u015bci  - Flexider Automotive\" \/>\n<meta property=\"og:url\" content=\"https:\/\/flexider-automotive-eu.com\/de\/product-service\/products\/engine-manifold-bellows\/\" \/>\n<meta property=\"og:site_name\" content=\"Flexider Automotive\" \/>\n<meta property=\"article:modified_time\" content=\"2020-08-31T09:25:07+00:00\" \/>\n<meta property=\"og:image\" content=\"https:\/\/flexider-automotive-eu.com\/wp-content\/uploads\/2019\/10\/IMG_4211-1.jpg\" \/>\n<meta name=\"twitter:card\" content=\"summary_large_image\" \/>\n<meta name=\"twitter:label1\" content=\"Szacowany czas czytania\" \/>\n\t<meta name=\"twitter:data1\" content=\"1 minuta\" \/>\n<script type=\"application\/ld+json\" class=\"yoast-schema-graph\">{\"@context\":\"https:\\\/\\\/schema.org\",\"@graph\":[{\"@type\":\"WebPage\",\"@id\":\"https:\\\/\\\/flexider-automotive-eu.com\\\/de\\\/product-service\\\/products\\\/engine-manifold-bellows\\\/\",\"url\":\"https:\\\/\\\/flexider-automotive-eu.com\\\/de\\\/product-service\\\/products\\\/engine-manifold-bellows\\\/\",\"name\":\"T\u0142umik wysokiej cz\u0119stotliwo\u015bci - Flexider Automotive\",\"isPartOf\":{\"@id\":\"https:\\\/\\\/flexider-automotive-eu.com\\\/#website\"},\"primaryImageOfPage\":{\"@id\":\"https:\\\/\\\/flexider-automotive-eu.com\\\/de\\\/product-service\\\/products\\\/engine-manifold-bellows\\\/#primaryimage\"},\"image\":{\"@id\":\"https:\\\/\\\/flexider-automotive-eu.com\\\/de\\\/product-service\\\/products\\\/engine-manifold-bellows\\\/#primaryimage\"},\"thumbnailUrl\":\"https:\\\/\\\/flexider-automotive-eu.com\\\/wp-content\\\/uploads\\\/2019\\\/10\\\/IMG_4211-1.jpg\",\"datePublished\":\"2019-08-03T08:37:36+00:00\",\"dateModified\":\"2020-08-31T09:25:07+00:00\",\"breadcrumb\":{\"@id\":\"https:\\\/\\\/flexider-automotive-eu.com\\\/de\\\/product-service\\\/products\\\/engine-manifold-bellows\\\/#breadcrumb\"},\"inLanguage\":\"pl-PL\",\"potentialAction\":[{\"@type\":\"ReadAction\",\"target\":[\"https:\\\/\\\/flexider-automotive-eu.com\\\/de\\\/product-service\\\/products\\\/engine-manifold-bellows\\\/\"]}]},{\"@type\":\"ImageObject\",\"inLanguage\":\"pl-PL\",\"@id\":\"https:\\\/\\\/flexider-automotive-eu.com\\\/de\\\/product-service\\\/products\\\/engine-manifold-bellows\\\/#primaryimage\",\"url\":\"https:\\\/\\\/flexider-automotive-eu.com\\\/wp-content\\\/uploads\\\/2019\\\/10\\\/IMG_4211-1.jpg\",\"contentUrl\":\"https:\\\/\\\/flexider-automotive-eu.com\\\/wp-content\\\/uploads\\\/2019\\\/10\\\/IMG_4211-1.jpg\"},{\"@type\":\"BreadcrumbList\",\"@id\":\"https:\\\/\\\/flexider-automotive-eu.com\\\/de\\\/product-service\\\/products\\\/engine-manifold-bellows\\\/#breadcrumb\",\"itemListElement\":[{\"@type\":\"ListItem\",\"position\":1,\"name\":\"Home\",\"item\":\"https:\\\/\\\/flexider-automotive-eu.com\\\/\"},{\"@type\":\"ListItem\",\"position\":2,\"name\":\"Product \\\/ Service\",\"item\":\"https:\\\/\\\/flexider-automotive-eu.com\\\/de\\\/product-service\\\/\"},{\"@type\":\"ListItem\",\"position\":3,\"name\":\"Produkte\",\"item\":\"https:\\\/\\\/flexider-automotive-eu.com\\\/de\\\/product-service\\\/products\\\/\"},{\"@type\":\"ListItem\",\"position\":4,\"name\":\"K\u00f6rperschallentkoppler\"}]},{\"@type\":\"WebSite\",\"@id\":\"https:\\\/\\\/flexider-automotive-eu.com\\\/#website\",\"url\":\"https:\\\/\\\/flexider-automotive-eu.com\\\/\",\"name\":\"Flexider Automotive\",\"description\":\"\",\"potentialAction\":[{\"@type\":\"SearchAction\",\"target\":{\"@type\":\"EntryPoint\",\"urlTemplate\":\"https:\\\/\\\/flexider-automotive-eu.com\\\/?s={search_term_string}\"},\"query-input\":{\"@type\":\"PropertyValueSpecification\",\"valueRequired\":true,\"valueName\":\"search_term_string\"}}],\"inLanguage\":\"pl-PL\"}]}<\/script>\n<!-- \/ Yoast SEO plugin. -->","yoast_head_json":{"title":"T\u0142umik wysokiej cz\u0119stotliwo\u015bci  - Flexider Automotive","robots":{"index":"index","follow":"follow","max-snippet":"max-snippet:-1","max-image-preview":"max-image-preview:large","max-video-preview":"max-video-preview:-1"},"canonical":"https:\/\/flexider-automotive-eu.com\/de\/product-service\/products\/engine-manifold-bellows\/","og_locale":"pl_PL","og_type":"article","og_title":"T\u0142umik wysokiej cz\u0119stotliwo\u015bci  - Flexider Automotive","og_url":"https:\/\/flexider-automotive-eu.com\/de\/product-service\/products\/engine-manifold-bellows\/","og_site_name":"Flexider Automotive","article_modified_time":"2020-08-31T09:25:07+00:00","og_image":[{"url":"https:\/\/flexider-automotive-eu.com\/wp-content\/uploads\/2019\/10\/IMG_4211-1.jpg","type":"","width":"","height":""}],"twitter_card":"summary_large_image","twitter_misc":{"Szacowany czas czytania":"1 minuta"},"schema":{"@context":"https:\/\/schema.org","@graph":[{"@type":"WebPage","@id":"https:\/\/flexider-automotive-eu.com\/de\/product-service\/products\/engine-manifold-bellows\/","url":"https:\/\/flexider-automotive-eu.com\/de\/product-service\/products\/engine-manifold-bellows\/","name":"T\u0142umik wysokiej cz\u0119stotliwo\u015bci - Flexider Automotive","isPartOf":{"@id":"https:\/\/flexider-automotive-eu.com\/#website"},"primaryImageOfPage":{"@id":"https:\/\/flexider-automotive-eu.com\/de\/product-service\/products\/engine-manifold-bellows\/#primaryimage"},"image":{"@id":"https:\/\/flexider-automotive-eu.com\/de\/product-service\/products\/engine-manifold-bellows\/#primaryimage"},"thumbnailUrl":"https:\/\/flexider-automotive-eu.com\/wp-content\/uploads\/2019\/10\/IMG_4211-1.jpg","datePublished":"2019-08-03T08:37:36+00:00","dateModified":"2020-08-31T09:25:07+00:00","breadcrumb":{"@id":"https:\/\/flexider-automotive-eu.com\/de\/product-service\/products\/engine-manifold-bellows\/#breadcrumb"},"inLanguage":"pl-PL","potentialAction":[{"@type":"ReadAction","target":["https:\/\/flexider-automotive-eu.com\/de\/product-service\/products\/engine-manifold-bellows\/"]}]},{"@type":"ImageObject","inLanguage":"pl-PL","@id":"https:\/\/flexider-automotive-eu.com\/de\/product-service\/products\/engine-manifold-bellows\/#primaryimage","url":"https:\/\/flexider-automotive-eu.com\/wp-content\/uploads\/2019\/10\/IMG_4211-1.jpg","contentUrl":"https:\/\/flexider-automotive-eu.com\/wp-content\/uploads\/2019\/10\/IMG_4211-1.jpg"},{"@type":"BreadcrumbList","@id":"https:\/\/flexider-automotive-eu.com\/de\/product-service\/products\/engine-manifold-bellows\/#breadcrumb","itemListElement":[{"@type":"ListItem","position":1,"name":"Home","item":"https:\/\/flexider-automotive-eu.com\/"},{"@type":"ListItem","position":2,"name":"Product \/ Service","item":"https:\/\/flexider-automotive-eu.com\/de\/product-service\/"},{"@type":"ListItem","position":3,"name":"Produkte","item":"https:\/\/flexider-automotive-eu.com\/de\/product-service\/products\/"},{"@type":"ListItem","position":4,"name":"K\u00f6rperschallentkoppler"}]},{"@type":"WebSite","@id":"https:\/\/flexider-automotive-eu.com\/#website","url":"https:\/\/flexider-automotive-eu.com\/","name":"Flexider Automotive","description":"","potentialAction":[{"@type":"SearchAction","target":{"@type":"EntryPoint","urlTemplate":"https:\/\/flexider-automotive-eu.com\/?s={search_term_string}"},"query-input":{"@type":"PropertyValueSpecification","valueRequired":true,"valueName":"search_term_string"}}],"inLanguage":"pl-PL"}]}},"_links":{"self":[{"href":"https:\/\/flexider-automotive-eu.com\/pl\/wp-json\/wp\/v2\/pages\/375","targetHints":{"allow":["GET"]}}],"collection":[{"href":"https:\/\/flexider-automotive-eu.com\/pl\/wp-json\/wp\/v2\/pages"}],"about":[{"href":"https:\/\/flexider-automotive-eu.com\/pl\/wp-json\/wp\/v2\/types\/page"}],"author":[{"embeddable":true,"href":"https:\/\/flexider-automotive-eu.com\/pl\/wp-json\/wp\/v2\/users\/2"}],"replies":[{"embeddable":true,"href":"https:\/\/flexider-automotive-eu.com\/pl\/wp-json\/wp\/v2\/comments?post=375"}],"version-history":[{"count":16,"href":"https:\/\/flexider-automotive-eu.com\/pl\/wp-json\/wp\/v2\/pages\/375\/revisions"}],"predecessor-version":[{"id":1875,"href":"https:\/\/flexider-automotive-eu.com\/pl\/wp-json\/wp\/v2\/pages\/375\/revisions\/1875"}],"up":[{"embeddable":true,"href":"https:\/\/flexider-automotive-eu.com\/pl\/wp-json\/wp\/v2\/pages\/368"}],"wp:attachment":[{"href":"https:\/\/flexider-automotive-eu.com\/pl\/wp-json\/wp\/v2\/media?parent=375"}],"curies":[{"name":"wp","href":"https:\/\/api.w.org\/{rel}","templated":true}]}}