{"id":382,"date":"2019-08-03T10:37:37","date_gmt":"2019-08-03T08:37:37","guid":{"rendered":"https:\/\/flexider-automotive-eu.com\/product-service\/engineering\/fem\/"},"modified":"2020-09-15T09:47:57","modified_gmt":"2020-09-15T07:47:57","slug":"fem","status":"publish","type":"page","link":"https:\/\/flexider-automotive-eu.com\/pl\/engineering\/fem\/","title":{"rendered":"RLDA"},"content":{"rendered":"<h3 style=\"text-align: left;\">Rzeczywiste ruchy, kt\u00f3re wyst\u0119puj\u0105 w uk\u0142adzie wydechowycm,<img loading=\"lazy\" decoding=\"async\" class=\"size-full wp-image-1504 alignright\" src=\"https:\/\/flexider-automotive-eu.com\/wp-content\/uploads\/2019\/10\/RLDA.jpg\" alt=\"\" width=\"351\" height=\"246\" srcset=\"https:\/\/flexider-automotive-eu.com\/wp-content\/uploads\/2019\/10\/RLDA.jpg 351w, https:\/\/flexider-automotive-eu.com\/wp-content\/uploads\/2019\/10\/RLDA-300x210.jpg 300w\" sizes=\"auto, (max-width: 351px) 100vw, 351px\" \/><br \/>\ns\u0105 rejestrowane przez naszych in\u017cynier\u00f3w podczas jazdy testowej pojazdu.<br \/>\nJazdy odbywaj\u0105 si\u0119 na torach testowych naszych klient\u00f3w,<br \/>\ngdzie za pomoc\u0105 naszego systemu pomiarowego,<br \/>\nrejestruje si\u0119 te ruchy, kt\u00f3re s\u0105 potem wykorzystane<br \/>\ndo dalszej weryfikacji na naszych laboratoryjnych stanowiskach testowych.<\/h3>\n<p>&nbsp;<\/p>\n","protected":false},"excerpt":{"rendered":"<p>Rzeczywiste ruchy, kt\u00f3re wyst\u0119puj\u0105 w uk\u0142adzie wydechowycm, s\u0105 rejestrowane przez naszych in\u017cynier\u00f3w podczas jazdy testowej pojazdu. Jazdy odbywaj\u0105 si\u0119 na torach testowych naszych klient\u00f3w, gdzie za pomoc\u0105 naszego systemu pomiarowego, rejestruje si\u0119 te ruchy, kt\u00f3re s\u0105 potem wykorzystane do dalszej weryfikacji na naszych laboratoryjnych stanowiskach testowych. &nbsp;<\/p>\n","protected":false},"author":2,"featured_media":0,"parent":369,"menu_order":770,"comment_status":"closed","ping_status":"closed","template":"","meta":{"ngg_post_thumbnail":0,"footnotes":""},"class_list":["post-382","page","type-page","status-publish","hentry"],"translation":{"provider":"WPGlobus","version":"3.0.2","language":"pl","enabled_languages":["en","de","it","pl"],"languages":{"en":{"title":true,"content":true,"excerpt":false},"de":{"title":true,"content":true,"excerpt":false},"it":{"title":true,"content":true,"excerpt":false},"pl":{"title":true,"content":true,"excerpt":false}}},"yoast_head":"<!-- This site is optimized with the Yoast SEO plugin v27.4 - https:\/\/yoast.com\/product\/yoast-seo-wordpress\/ -->\n<title>RLDA - Flexider Automotive<\/title>\n<meta name=\"robots\" content=\"index, follow, max-snippet:-1, max-image-preview:large, max-video-preview:-1\" \/>\n<link rel=\"canonical\" href=\"https:\/\/flexider-automotive-eu.com\/de\/engineering\/fem\/\" \/>\n<meta property=\"og:locale\" content=\"pl_PL\" \/>\n<meta property=\"og:type\" content=\"article\" \/>\n<meta property=\"og:title\" content=\"RLDA - Flexider Automotive\" \/>\n<meta property=\"og:url\" content=\"https:\/\/flexider-automotive-eu.com\/de\/engineering\/fem\/\" \/>\n<meta property=\"og:site_name\" content=\"Flexider Automotive\" \/>\n<meta property=\"article:modified_time\" content=\"2020-09-15T07:47:57+00:00\" \/>\n<meta property=\"og:image\" content=\"https:\/\/flexider-automotive-eu.com\/wp-content\/uploads\/2019\/10\/RLDA.jpg\" \/>\n<meta name=\"twitter:card\" content=\"summary_large_image\" \/>\n<meta name=\"twitter:label1\" content=\"Szacowany czas czytania\" \/>\n\t<meta name=\"twitter:data1\" content=\"1 minuta\" \/>\n<script type=\"application\/ld+json\" class=\"yoast-schema-graph\">{\"@context\":\"https:\\\/\\\/schema.org\",\"@graph\":[{\"@type\":\"WebPage\",\"@id\":\"https:\\\/\\\/flexider-automotive-eu.com\\\/de\\\/engineering\\\/fem\\\/\",\"url\":\"https:\\\/\\\/flexider-automotive-eu.com\\\/de\\\/engineering\\\/fem\\\/\",\"name\":\"RLDA - Flexider Automotive\",\"isPartOf\":{\"@id\":\"https:\\\/\\\/flexider-automotive-eu.com\\\/#website\"},\"primaryImageOfPage\":{\"@id\":\"https:\\\/\\\/flexider-automotive-eu.com\\\/de\\\/engineering\\\/fem\\\/#primaryimage\"},\"image\":{\"@id\":\"https:\\\/\\\/flexider-automotive-eu.com\\\/de\\\/engineering\\\/fem\\\/#primaryimage\"},\"thumbnailUrl\":\"https:\\\/\\\/flexider-automotive-eu.com\\\/wp-content\\\/uploads\\\/2019\\\/10\\\/RLDA.jpg\",\"datePublished\":\"2019-08-03T08:37:37+00:00\",\"dateModified\":\"2020-09-15T07:47:57+00:00\",\"breadcrumb\":{\"@id\":\"https:\\\/\\\/flexider-automotive-eu.com\\\/de\\\/engineering\\\/fem\\\/#breadcrumb\"},\"inLanguage\":\"pl-PL\",\"potentialAction\":[{\"@type\":\"ReadAction\",\"target\":[\"https:\\\/\\\/flexider-automotive-eu.com\\\/de\\\/engineering\\\/fem\\\/\"]}]},{\"@type\":\"ImageObject\",\"inLanguage\":\"pl-PL\",\"@id\":\"https:\\\/\\\/flexider-automotive-eu.com\\\/de\\\/engineering\\\/fem\\\/#primaryimage\",\"url\":\"https:\\\/\\\/flexider-automotive-eu.com\\\/wp-content\\\/uploads\\\/2019\\\/10\\\/RLDA.jpg\",\"contentUrl\":\"https:\\\/\\\/flexider-automotive-eu.com\\\/wp-content\\\/uploads\\\/2019\\\/10\\\/RLDA.jpg\"},{\"@type\":\"BreadcrumbList\",\"@id\":\"https:\\\/\\\/flexider-automotive-eu.com\\\/de\\\/engineering\\\/fem\\\/#breadcrumb\",\"itemListElement\":[{\"@type\":\"ListItem\",\"position\":1,\"name\":\"Home\",\"item\":\"https:\\\/\\\/flexider-automotive-eu.com\\\/\"},{\"@type\":\"ListItem\",\"position\":2,\"name\":\"Entwicklung\",\"item\":\"https:\\\/\\\/flexider-automotive-eu.com\\\/de\\\/engineering\\\/\"},{\"@type\":\"ListItem\",\"position\":3,\"name\":\"RLDA\"}]},{\"@type\":\"WebSite\",\"@id\":\"https:\\\/\\\/flexider-automotive-eu.com\\\/#website\",\"url\":\"https:\\\/\\\/flexider-automotive-eu.com\\\/\",\"name\":\"Flexider Automotive\",\"description\":\"\",\"potentialAction\":[{\"@type\":\"SearchAction\",\"target\":{\"@type\":\"EntryPoint\",\"urlTemplate\":\"https:\\\/\\\/flexider-automotive-eu.com\\\/?s={search_term_string}\"},\"query-input\":{\"@type\":\"PropertyValueSpecification\",\"valueRequired\":true,\"valueName\":\"search_term_string\"}}],\"inLanguage\":\"pl-PL\"}]}<\/script>\n<!-- \/ Yoast SEO plugin. -->","yoast_head_json":{"title":"RLDA - Flexider Automotive","robots":{"index":"index","follow":"follow","max-snippet":"max-snippet:-1","max-image-preview":"max-image-preview:large","max-video-preview":"max-video-preview:-1"},"canonical":"https:\/\/flexider-automotive-eu.com\/de\/engineering\/fem\/","og_locale":"pl_PL","og_type":"article","og_title":"RLDA - Flexider Automotive","og_url":"https:\/\/flexider-automotive-eu.com\/de\/engineering\/fem\/","og_site_name":"Flexider Automotive","article_modified_time":"2020-09-15T07:47:57+00:00","og_image":[{"url":"https:\/\/flexider-automotive-eu.com\/wp-content\/uploads\/2019\/10\/RLDA.jpg","type":"","width":"","height":""}],"twitter_card":"summary_large_image","twitter_misc":{"Szacowany czas czytania":"1 minuta"},"schema":{"@context":"https:\/\/schema.org","@graph":[{"@type":"WebPage","@id":"https:\/\/flexider-automotive-eu.com\/de\/engineering\/fem\/","url":"https:\/\/flexider-automotive-eu.com\/de\/engineering\/fem\/","name":"RLDA - Flexider Automotive","isPartOf":{"@id":"https:\/\/flexider-automotive-eu.com\/#website"},"primaryImageOfPage":{"@id":"https:\/\/flexider-automotive-eu.com\/de\/engineering\/fem\/#primaryimage"},"image":{"@id":"https:\/\/flexider-automotive-eu.com\/de\/engineering\/fem\/#primaryimage"},"thumbnailUrl":"https:\/\/flexider-automotive-eu.com\/wp-content\/uploads\/2019\/10\/RLDA.jpg","datePublished":"2019-08-03T08:37:37+00:00","dateModified":"2020-09-15T07:47:57+00:00","breadcrumb":{"@id":"https:\/\/flexider-automotive-eu.com\/de\/engineering\/fem\/#breadcrumb"},"inLanguage":"pl-PL","potentialAction":[{"@type":"ReadAction","target":["https:\/\/flexider-automotive-eu.com\/de\/engineering\/fem\/"]}]},{"@type":"ImageObject","inLanguage":"pl-PL","@id":"https:\/\/flexider-automotive-eu.com\/de\/engineering\/fem\/#primaryimage","url":"https:\/\/flexider-automotive-eu.com\/wp-content\/uploads\/2019\/10\/RLDA.jpg","contentUrl":"https:\/\/flexider-automotive-eu.com\/wp-content\/uploads\/2019\/10\/RLDA.jpg"},{"@type":"BreadcrumbList","@id":"https:\/\/flexider-automotive-eu.com\/de\/engineering\/fem\/#breadcrumb","itemListElement":[{"@type":"ListItem","position":1,"name":"Home","item":"https:\/\/flexider-automotive-eu.com\/"},{"@type":"ListItem","position":2,"name":"Entwicklung","item":"https:\/\/flexider-automotive-eu.com\/de\/engineering\/"},{"@type":"ListItem","position":3,"name":"RLDA"}]},{"@type":"WebSite","@id":"https:\/\/flexider-automotive-eu.com\/#website","url":"https:\/\/flexider-automotive-eu.com\/","name":"Flexider Automotive","description":"","potentialAction":[{"@type":"SearchAction","target":{"@type":"EntryPoint","urlTemplate":"https:\/\/flexider-automotive-eu.com\/?s={search_term_string}"},"query-input":{"@type":"PropertyValueSpecification","valueRequired":true,"valueName":"search_term_string"}}],"inLanguage":"pl-PL"}]}},"_links":{"self":[{"href":"https:\/\/flexider-automotive-eu.com\/pl\/wp-json\/wp\/v2\/pages\/382","targetHints":{"allow":["GET"]}}],"collection":[{"href":"https:\/\/flexider-automotive-eu.com\/pl\/wp-json\/wp\/v2\/pages"}],"about":[{"href":"https:\/\/flexider-automotive-eu.com\/pl\/wp-json\/wp\/v2\/types\/page"}],"author":[{"embeddable":true,"href":"https:\/\/flexider-automotive-eu.com\/pl\/wp-json\/wp\/v2\/users\/2"}],"replies":[{"embeddable":true,"href":"https:\/\/flexider-automotive-eu.com\/pl\/wp-json\/wp\/v2\/comments?post=382"}],"version-history":[{"count":17,"href":"https:\/\/flexider-automotive-eu.com\/pl\/wp-json\/wp\/v2\/pages\/382\/revisions"}],"predecessor-version":[{"id":2040,"href":"https:\/\/flexider-automotive-eu.com\/pl\/wp-json\/wp\/v2\/pages\/382\/revisions\/2040"}],"up":[{"embeddable":true,"href":"https:\/\/flexider-automotive-eu.com\/pl\/wp-json\/wp\/v2\/pages\/369"}],"wp:attachment":[{"href":"https:\/\/flexider-automotive-eu.com\/pl\/wp-json\/wp\/v2\/media?parent=382"}],"curies":[{"name":"wp","href":"https:\/\/api.w.org\/{rel}","templated":true}]}}